{"id":1122,"date":"2022-09-10T20:53:44","date_gmt":"2022-09-10T20:53:44","guid":{"rendered":"https:\/\/marcor-uruburei.com\/?post_type=product&#038;p=1122"},"modified":"2024-04-24T13:51:11","modified_gmt":"2024-04-24T16:51:11","slug":"oxum-apara","status":"publish","type":"product","link":"https:\/\/marcor-uruburei.com\/?product=oxum-apara","title":{"rendered":"\u201cOxum Apar\u00e1\u201d"},"content":{"rendered":"\t\t<div data-elementor-type=\"wp-post\" data-elementor-id=\"1122\" class=\"elementor elementor-1122\">\n\t\t\t\t\t\t<section class=\"elementor-section elementor-top-section elementor-element elementor-element-5cbb8866 elementor-section-boxed elementor-section-height-default elementor-section-height-default\" data-id=\"5cbb8866\" data-element_type=\"section\" data-e-type=\"section\">\n\t\t\t\t\t\t<div class=\"elementor-container elementor-column-gap-default\">\n\t\t\t\t\t<div class=\"elementor-column elementor-col-100 elementor-top-column elementor-element elementor-element-6df0ae8c\" data-id=\"6df0ae8c\" data-element_type=\"column\" data-e-type=\"column\">\n\t\t\t<div class=\"elementor-widget-wrap elementor-element-populated\">\n\t\t\t\t\t\t<div class=\"elementor-element elementor-element-634ed6c7 elementor-widget elementor-widget-text-editor\" data-id=\"634ed6c7\" data-element_type=\"widget\" data-e-type=\"widget\" data-widget_type=\"text-editor.default\">\n\t\t\t\t<div class=\"elementor-widget-container\">\n\t\t\t\t\t\t\t\t\t<p>Sobre a Obra<\/p><p>Adoro e releio sempre as lendas dos Orix\u00e1s. Anos atr\u00e1s elas chegaram at\u00e9 o mim, no meu mestrado quando pesquisei sobre a influ\u00eancia da arte africana na arte brasileira. Os livros que trago at\u00e9 hoje, fontes de estudo e inspira\u00e7\u00f5es s\u00e3o do historiador e fot\u00f3grafo Pierre Verg\u00e9 &#8220;As lendas dos Orix\u00e1s&#8221; e a &#8220;Mitologia dos Orix\u00e1s&#8221; do historiador Reginaldo Prandi.<br \/>Essas lendas narram como surgiram os Orix\u00e1s, suas caracter\u00edsticas f\u00edsicas, emocionais e seus relacionamentos familiares e amorosos.<br \/>Uma delas conta a hist\u00f3ria da Orix\u00e1 Oxum Apar\u00e1.<br \/>Ela surge ap\u00f3s uma desaven\u00e7a entre Oxum e sua irm\u00e3 Yans\u00e3. Oxal\u00e1 pra apaziguar ou castig\u00e1-las, as unem no arqu\u00e9tipo da Oxum Apar\u00e1 que \u00e9 t\u00e3o bela como o Oxum e t\u00e3o guerreira quanto a Yans\u00e3.<br \/>Essa lenda me inspirou uma imagem de Oxum-Apar\u00e1. Uma mulher linda e forte, vestida apenas com suas joias e seus instrumentos essenciais: o espelho e a adaga pontual.<\/p><p>Sua cor \u00e9 tamb\u00e9m uma mistura amarronzada aquecida com tons avermelhados. Com a mesma resina amarronzada que restaurei um antigo painel, pintei essa imagem transl\u00facida que ganhou contornos e luzes.<br \/>Nesse trabalho busquei uma representa\u00e7\u00e3o mais realista das formas femininas para evocar o reflexo mais humano da Orix\u00e1.<br \/>E amei o resultado e a fluidez dessa imagem. At\u00e9 hoje fico impressionado com essa obra. Ela desperta uma conex\u00e3o especial tanto pessoalmente quanto nas redes sociais. \u00c9 magn\u00e9tica.<\/p>\t\t\t\t\t\t\t\t<\/div>\n\t\t\t\t<\/div>\n\t\t\t\t\t<\/div>\n\t\t<\/div>\n\t\t\t\t\t<\/div>\n\t\t<\/section>\n\t\t\t\t<\/div>\n\t\t","protected":false},"excerpt":{"rendered":"<h6>Acr\u00edlica, pigmentos e resinas s\/painel de madeira.<\/h6>\n<h6>97x240cm<\/h6>\n<h6>2021<\/h6>\n","protected":false},"featured_media":1123,"template":"elementor_theme","meta":{"_uag_custom_page_level_css":"","site-sidebar-layout":"default","site-content-layout":"default","ast-site-content-layout":"default","site-content-style":"default","site-sidebar-style":"default","ast-global-header-display":"","ast-banner-title-visibility":"","ast-main-header-display":"","ast-hfb-above-header-display":"","ast-hfb-below-header-display":"","ast-hfb-mobile-header-display":"","site-post-title":"","ast-breadcrumbs-content":"","ast-featured-img":"","footer-sml-layout":"","ast-disable-related-posts":"","theme-transparent-header-meta":"default","adv-header-id-meta":"","stick-header-meta":"","header-above-stick-meta":"","header-main-stick-meta":"","header-below-stick-meta":"","astra-migrate-meta-layouts":"set","ast-page-background-enabled":"default","ast-page-background-meta":{"desktop":{"background-color":"","background-image":"","background-repeat":"repeat","background-position":"center center","background-size":"auto","background-attachment":"scroll","background-type":"","background-media":"","overlay-type":"","overlay-color":"","overlay-opacity":"","overlay-gradient":""},"tablet":{"background-color":"","background-image":"","background-repeat":"repeat","background-position":"center center","background-size":"auto","background-attachment":"scroll","background-type":"","background-media":"","overlay-type":"","overlay-color":"","overlay-opacity":"","overlay-gradient":""},"mobile":{"background-color":"","background-image":"","background-repeat":"repeat","background-position":"center center","background-size":"auto","background-attachment":"scroll","background-type":"","background-media":"","overlay-type":"","overlay-color":"","overlay-opacity":"","overlay-gradient":""}},"ast-content-background-meta":{"desktop":{"background-color":"var(--ast-global-color-5)","background-image":"","background-repeat":"repeat","background-position":"center center","background-size":"auto","background-attachment":"scroll","background-type":"","background-media":"","overlay-type":"","overlay-color":"","overlay-opacity":"","overlay-gradient":""},"tablet":{"background-color":"var(--ast-global-color-5)","background-image":"","background-repeat":"repeat","background-position":"center center","background-size":"auto","background-attachment":"scroll","background-type":"","background-media":"","overlay-type":"","overlay-color":"","overlay-opacity":"","overlay-gradient":""},"mobile":{"background-color":"var(--ast-global-color-5)","background-image":"","background-repeat":"repeat","background-position":"center center","background-size":"auto","background-attachment":"scroll","background-type":"","background-media":"","overlay-type":"","overlay-color":"","overlay-opacity":"","overlay-gradient":""}}},"product_brand":[],"product_cat":[15],"product_tag":[36,34,35,37],"class_list":{"0":"post-1122","1":"product","2":"type-product","3":"status-publish","4":"has-post-thumbnail","6":"product_cat-galeria-catalogo","7":"product_tag-orixas","8":"product_tag-oxum","9":"product_tag-oxum-apara","10":"product_tag-painel-em-madeira","11":"desktop-align-left","12":"tablet-align-left","13":"mobile-align-right","15":"first","16":"instock","17":"sold-individually","18":"shipping-taxable","19":"purchasable","20":"product-type-simple"},"uagb_featured_image_src":{"full":["https:\/\/i0.wp.com\/marcor-uruburei.com\/wp-content\/uploads\/2022\/09\/Screenshot_20220907-143037_Drive.jpg?fit=1017%2C2386&ssl=1",1017,2386,false],"thumbnail":["https:\/\/i0.wp.com\/marcor-uruburei.com\/wp-content\/uploads\/2022\/09\/Screenshot_20220907-143037_Drive.jpg?resize=150%2C150&ssl=1",150,150,true],"medium":["https:\/\/i0.wp.com\/marcor-uruburei.com\/wp-content\/uploads\/2022\/09\/Screenshot_20220907-143037_Drive.jpg?fit=128%2C300&ssl=1",128,300,true],"medium_large":["https:\/\/i0.wp.com\/marcor-uruburei.com\/wp-content\/uploads\/2022\/09\/Screenshot_20220907-143037_Drive.jpg?fit=768%2C1802&ssl=1",768,1802,true],"large":["https:\/\/i0.wp.com\/marcor-uruburei.com\/wp-content\/uploads\/2022\/09\/Screenshot_20220907-143037_Drive.jpg?fit=436%2C1024&ssl=1",436,1024,true],"1536x1536":["https:\/\/i0.wp.com\/marcor-uruburei.com\/wp-content\/uploads\/2022\/09\/Screenshot_20220907-143037_Drive.jpg?fit=655%2C1536&ssl=1",655,1536,true],"2048x2048":["https:\/\/i0.wp.com\/marcor-uruburei.com\/wp-content\/uploads\/2022\/09\/Screenshot_20220907-143037_Drive.jpg?fit=873%2C2048&ssl=1",873,2048,true],"woocommerce_thumbnail":["https:\/\/i0.wp.com\/marcor-uruburei.com\/wp-content\/uploads\/2022\/09\/Screenshot_20220907-143037_Drive.jpg?fit=1017%2C2386&ssl=1",1017,2386,true],"woocommerce_single":["https:\/\/i0.wp.com\/marcor-uruburei.com\/wp-content\/uploads\/2022\/09\/Screenshot_20220907-143037_Drive.jpg?fit=1017%2C2386&ssl=1",1017,2386,true],"woocommerce_gallery_thumbnail":["https:\/\/i0.wp.com\/marcor-uruburei.com\/wp-content\/uploads\/2022\/09\/Screenshot_20220907-143037_Drive.jpg?resize=100%2C100&ssl=1",100,100,true]},"uagb_author_info":{"display_name":"marcor.uruburei@hotmail.com","author_link":"https:\/\/marcor-uruburei.com\/?author=0"},"uagb_comment_info":0,"uagb_excerpt":"Acr\u00edlica, pigmentos e resinas s\/painel de madeira. 97x240cm 2021","jetpack_sharing_enabled":true,"_links":{"self":[{"href":"https:\/\/marcor-uruburei.com\/index.php?rest_route=\/wp\/v2\/product\/1122","targetHints":{"allow":["GET"]}}],"collection":[{"href":"https:\/\/marcor-uruburei.com\/index.php?rest_route=\/wp\/v2\/product"}],"about":[{"href":"https:\/\/marcor-uruburei.com\/index.php?rest_route=\/wp\/v2\/types\/product"}],"version-history":[{"count":17,"href":"https:\/\/marcor-uruburei.com\/index.php?rest_route=\/wp\/v2\/product\/1122\/revisions"}],"predecessor-version":[{"id":1910,"href":"https:\/\/marcor-uruburei.com\/index.php?rest_route=\/wp\/v2\/product\/1122\/revisions\/1910"}],"wp:featuredmedia":[{"embeddable":true,"href":"https:\/\/marcor-uruburei.com\/index.php?rest_route=\/wp\/v2\/media\/1123"}],"wp:attachment":[{"href":"https:\/\/marcor-uruburei.com\/index.php?rest_route=%2Fwp%2Fv2%2Fmedia&parent=1122"}],"wp:term":[{"taxonomy":"product_brand","embeddable":true,"href":"https:\/\/marcor-uruburei.com\/index.php?rest_route=%2Fwp%2Fv2%2Fproduct_brand&post=1122"},{"taxonomy":"product_cat","embeddable":true,"href":"https:\/\/marcor-uruburei.com\/index.php?rest_route=%2Fwp%2Fv2%2Fproduct_cat&post=1122"},{"taxonomy":"product_tag","embeddable":true,"href":"https:\/\/marcor-uruburei.com\/index.php?rest_route=%2Fwp%2Fv2%2Fproduct_tag&post=1122"}],"curies":[{"name":"wp","href":"https:\/\/api.w.org\/{rel}","templated":true}]}}