{"id":2331,"date":"2023-06-20T20:48:12","date_gmt":"2023-06-20T23:48:12","guid":{"rendered":"https:\/\/marcor-uruburei.com\/?post_type=product&#038;p=2331"},"modified":"2025-09-13T17:54:00","modified_gmt":"2025-09-13T20:54:00","slug":"pose","status":"publish","type":"product","link":"https:\/\/marcor-uruburei.com\/?product=pose","title":{"rendered":"&#8220;POSE&#8221;"},"content":{"rendered":"<p>Caricatura inspirada no ic\u00f4nico momento em que Marilyn Monroe cantou para o presidente Kennedy, em 1962. Aqui, a cena \u00e9 reimaginada com exageros e ironia.Entre o microfone e o olhar cheio de charme, nasce uma cena que mistura exagero e eleg\u00e2ncia.<\/p>\n<p>Uma caricatura que brinca com o glamour das divas. Com l\u00e1bios marcantes, brilhos e um gesto que \u00e9 puro espet\u00e1culo com aquele ar de quem sabe exatamente o poder que tem. Porque \u00e0s vezes tudo o que precisamos \u00e9 de uma boa&#8230; &#8220;POSE!&#8221;. \ud83d\udc8b\ud83c\udfa4<\/p>\n","protected":false},"excerpt":{"rendered":"<p>2023<br \/>\nPintura acr\u00edlica e colagem sobre tela<br \/>\n80 x 100 cm<\/p>\n","protected":false},"featured_media":2439,"template":"","meta":{"_uag_custom_page_level_css":"","site-sidebar-layout":"default","site-content-layout":"default","ast-site-content-layout":"default","site-content-style":"default","site-sidebar-style":"default","ast-global-header-display":"","ast-banner-title-visibility":"","ast-main-header-display":"","ast-hfb-above-header-display":"","ast-hfb-below-header-display":"","ast-hfb-mobile-header-display":"","site-post-title":"","ast-breadcrumbs-content":"","ast-featured-img":"","footer-sml-layout":"","ast-disable-related-posts":"","theme-transparent-header-meta":"default","adv-header-id-meta":"","stick-header-meta":"","header-above-stick-meta":"","header-main-stick-meta":"","header-below-stick-meta":"","astra-migrate-meta-layouts":"set","ast-page-background-enabled":"default","ast-page-background-meta":{"desktop":{"background-color":"","background-image":"","background-repeat":"repeat","background-position":"center center","background-size":"auto","background-attachment":"scroll","background-type":"","background-media":"","overlay-type":"","overlay-color":"","overlay-opacity":"","overlay-gradient":""},"tablet":{"background-color":"","background-image":"","background-repeat":"repeat","background-position":"center center","background-size":"auto","background-attachment":"scroll","background-type":"","background-media":"","overlay-type":"","overlay-color":"","overlay-opacity":"","overlay-gradient":""},"mobile":{"background-color":"","background-image":"","background-repeat":"repeat","background-position":"center center","background-size":"auto","background-attachment":"scroll","background-type":"","background-media":"","overlay-type":"","overlay-color":"","overlay-opacity":"","overlay-gradient":""}},"ast-content-background-meta":{"desktop":{"background-color":"var(--ast-global-color-5)","background-image":"","background-repeat":"repeat","background-position":"center center","background-size":"auto","background-attachment":"scroll","background-type":"","background-media":"","overlay-type":"","overlay-color":"","overlay-opacity":"","overlay-gradient":""},"tablet":{"background-color":"var(--ast-global-color-5)","background-image":"","background-repeat":"repeat","background-position":"center center","background-size":"auto","background-attachment":"scroll","background-type":"","background-media":"","overlay-type":"","overlay-color":"","overlay-opacity":"","overlay-gradient":""},"mobile":{"background-color":"var(--ast-global-color-5)","background-image":"","background-repeat":"repeat","background-position":"center center","background-size":"auto","background-attachment":"scroll","background-type":"","background-media":"","overlay-type":"","overlay-color":"","overlay-opacity":"","overlay-gradient":""}}},"product_brand":[],"product_cat":[15],"product_tag":[55,67,65,63,54,62,66,64],"class_list":{"0":"post-2331","1":"product","2":"type-product","3":"status-publish","4":"has-post-thumbnail","6":"product_cat-galeria-catalogo","7":"product_tag-arte","8":"product_tag-drag-queen","9":"product_tag-lgbtqiapn","10":"product_tag-marilyn-monroe","11":"product_tag-pintura","12":"product_tag-pose","13":"product_tag-trans","14":"product_tag-vogue","15":"desktop-align-left","16":"tablet-align-left","17":"mobile-align-right","19":"first","20":"instock","21":"sold-individually","22":"shipping-taxable","23":"purchasable","24":"product-type-simple"},"uagb_featured_image_src":{"full":["https:\/\/i0.wp.com\/marcor-uruburei.com\/wp-content\/uploads\/2023\/07\/20230717_094801-scaled.jpg?fit=1639%2C2048&ssl=1",1639,2048,false],"thumbnail":["https:\/\/i0.wp.com\/marcor-uruburei.com\/wp-content\/uploads\/2023\/07\/20230717_094801-scaled.jpg?resize=150%2C150&ssl=1",150,150,true],"medium":["https:\/\/i0.wp.com\/marcor-uruburei.com\/wp-content\/uploads\/2023\/07\/20230717_094801-scaled.jpg?fit=240%2C300&ssl=1",240,300,true],"medium_large":["https:\/\/i0.wp.com\/marcor-uruburei.com\/wp-content\/uploads\/2023\/07\/20230717_094801-scaled.jpg?fit=768%2C960&ssl=1",768,960,true],"large":["https:\/\/i0.wp.com\/marcor-uruburei.com\/wp-content\/uploads\/2023\/07\/20230717_094801-scaled.jpg?fit=819%2C1024&ssl=1",819,1024,true],"1536x1536":["https:\/\/i0.wp.com\/marcor-uruburei.com\/wp-content\/uploads\/2023\/07\/20230717_094801-scaled.jpg?fit=1229%2C1536&ssl=1",1229,1536,true],"2048x2048":["https:\/\/i0.wp.com\/marcor-uruburei.com\/wp-content\/uploads\/2023\/07\/20230717_094801-scaled.jpg?fit=1639%2C2048&ssl=1",1639,2048,true],"woocommerce_thumbnail":["https:\/\/i0.wp.com\/marcor-uruburei.com\/wp-content\/uploads\/2023\/07\/20230717_094801-scaled.jpg?fit=1024%2C1280&ssl=1",1024,1280,true],"woocommerce_single":["https:\/\/i0.wp.com\/marcor-uruburei.com\/wp-content\/uploads\/2023\/07\/20230717_094801-scaled.jpg?fit=1024%2C1280&ssl=1",1024,1280,true],"woocommerce_gallery_thumbnail":["https:\/\/i0.wp.com\/marcor-uruburei.com\/wp-content\/uploads\/2023\/07\/20230717_094801-scaled.jpg?resize=100%2C100&ssl=1",100,100,true]},"uagb_author_info":{"display_name":"marcor.uruburei@hotmail.com","author_link":"https:\/\/marcor-uruburei.com\/?author=0"},"uagb_comment_info":0,"uagb_excerpt":"2023 Pintura acr\u00edlica e colagem sobre tela 80 x 100 cm","jetpack_sharing_enabled":true,"_links":{"self":[{"href":"https:\/\/marcor-uruburei.com\/index.php?rest_route=\/wp\/v2\/product\/2331","targetHints":{"allow":["GET"]}}],"collection":[{"href":"https:\/\/marcor-uruburei.com\/index.php?rest_route=\/wp\/v2\/product"}],"about":[{"href":"https:\/\/marcor-uruburei.com\/index.php?rest_route=\/wp\/v2\/types\/product"}],"version-history":[{"count":5,"href":"https:\/\/marcor-uruburei.com\/index.php?rest_route=\/wp\/v2\/product\/2331\/revisions"}],"predecessor-version":[{"id":3643,"href":"https:\/\/marcor-uruburei.com\/index.php?rest_route=\/wp\/v2\/product\/2331\/revisions\/3643"}],"wp:featuredmedia":[{"embeddable":true,"href":"https:\/\/marcor-uruburei.com\/index.php?rest_route=\/wp\/v2\/media\/2439"}],"wp:attachment":[{"href":"https:\/\/marcor-uruburei.com\/index.php?rest_route=%2Fwp%2Fv2%2Fmedia&parent=2331"}],"wp:term":[{"taxonomy":"product_brand","embeddable":true,"href":"https:\/\/marcor-uruburei.com\/index.php?rest_route=%2Fwp%2Fv2%2Fproduct_brand&post=2331"},{"taxonomy":"product_cat","embeddable":true,"href":"https:\/\/marcor-uruburei.com\/index.php?rest_route=%2Fwp%2Fv2%2Fproduct_cat&post=2331"},{"taxonomy":"product_tag","embeddable":true,"href":"https:\/\/marcor-uruburei.com\/index.php?rest_route=%2Fwp%2Fv2%2Fproduct_tag&post=2331"}],"curies":[{"name":"wp","href":"https:\/\/api.w.org\/{rel}","templated":true}]}}