{"id":2376,"date":"2023-06-27T14:33:19","date_gmt":"2023-06-27T17:33:19","guid":{"rendered":"https:\/\/marcor-uruburei.com\/?post_type=product&#038;p=2376"},"modified":"2024-09-12T18:37:45","modified_gmt":"2024-09-12T21:37:45","slug":"corpet-negro-anil","status":"publish","type":"product","link":"https:\/\/marcor-uruburei.com\/?product=corpet-negro-anil","title":{"rendered":"&#8220;Corpet negro-anil&#8221;"},"content":{"rendered":"<div class=\"elementor-column elementor-col-50 elementor-top-column elementor-element elementor-element-3e7fa1c\" data-id=\"3e7fa1c\" data-element_type=\"column\">\n<div class=\"elementor-widget-wrap elementor-element-populated\">\n<div class=\"elementor-element elementor-element-f78ffe6 elementor-widget__width-initial animated-slow elementor-widget elementor-widget-text-editor animated fadeInLeft\" data-id=\"f78ffe6\" data-element_type=\"widget\" data-settings=\"{&quot;_animation&quot;:&quot;fadeInLeft&quot;}\" data-widget_type=\"text-editor.default\">\n<div class=\"elementor-widget-container\">\n<p>Elegantemente sentada em sua poltrona verde lim\u00e3o siciliano com os seus seios desnudos, a Corpet Negro-anil sempre causa incomodo no Instagram\u2026 Quem chegou at\u00e9 aqui por l\u00e1, j\u00e1 provavelmente me viu questionando o motivo de uma obra de arte, com tra\u00e7os caricatos, sempre ser censurada pela plataforma, sendo taxada como \u201cConte\u00fado explicito\u201d.<\/p>\n<p>Corpet Negro-anil \u00e9 um dos meus trabalhos que sofrem com a censura da hiper sexualiza\u00e7\u00e3o do seio feminino pela plataforma e tamb\u00e9m faz parte da s\u00e9rie Fantasias Burlescas, sendo o \u00fanico ainda dispon\u00edvel para aquisi\u00e7\u00e3o.<\/p>\n<\/div>\n<\/div>\n<\/div>\n<\/div>\n","protected":false},"excerpt":{"rendered":"<p>2020<\/p>\n<p>S\u00e9rie &#8220;Fantasias Burlescas&#8221;<\/p>\n<p>Pintura acr\u00edlica e colagem sobre tela<\/p>\n<p>54 x 111 cm<\/p>\n","protected":false},"featured_media":3477,"template":"","meta":{"_uag_custom_page_level_css":"","site-sidebar-layout":"default","site-content-layout":"default","ast-site-content-layout":"default","site-content-style":"default","site-sidebar-style":"default","ast-global-header-display":"","ast-banner-title-visibility":"","ast-main-header-display":"","ast-hfb-above-header-display":"","ast-hfb-below-header-display":"","ast-hfb-mobile-header-display":"","site-post-title":"","ast-breadcrumbs-content":"","ast-featured-img":"","footer-sml-layout":"","ast-disable-related-posts":"","theme-transparent-header-meta":"default","adv-header-id-meta":"","stick-header-meta":"","header-above-stick-meta":"","header-main-stick-meta":"","header-below-stick-meta":"","astra-migrate-meta-layouts":"set","ast-page-background-enabled":"default","ast-page-background-meta":{"desktop":{"background-color":"","background-image":"","background-repeat":"repeat","background-position":"center center","background-size":"auto","background-attachment":"scroll","background-type":"","background-media":"","overlay-type":"","overlay-color":"","overlay-opacity":"","overlay-gradient":""},"tablet":{"background-color":"","background-image":"","background-repeat":"repeat","background-position":"center center","background-size":"auto","background-attachment":"scroll","background-type":"","background-media":"","overlay-type":"","overlay-color":"","overlay-opacity":"","overlay-gradient":""},"mobile":{"background-color":"","background-image":"","background-repeat":"repeat","background-position":"center center","background-size":"auto","background-attachment":"scroll","background-type":"","background-media":"","overlay-type":"","overlay-color":"","overlay-opacity":"","overlay-gradient":""}},"ast-content-background-meta":{"desktop":{"background-color":"var(--ast-global-color-5)","background-image":"","background-repeat":"repeat","background-position":"center center","background-size":"auto","background-attachment":"scroll","background-type":"","background-media":"","overlay-type":"","overlay-color":"","overlay-opacity":"","overlay-gradient":""},"tablet":{"background-color":"var(--ast-global-color-5)","background-image":"","background-repeat":"repeat","background-position":"center center","background-size":"auto","background-attachment":"scroll","background-type":"","background-media":"","overlay-type":"","overlay-color":"","overlay-opacity":"","overlay-gradient":""},"mobile":{"background-color":"var(--ast-global-color-5)","background-image":"","background-repeat":"repeat","background-position":"center center","background-size":"auto","background-attachment":"scroll","background-type":"","background-media":"","overlay-type":"","overlay-color":"","overlay-opacity":"","overlay-gradient":""}}},"product_brand":[],"product_cat":[15],"product_tag":[40,39,54],"class_list":{"0":"post-2376","1":"product","2":"type-product","3":"status-publish","4":"has-post-thumbnail","6":"product_cat-galeria-catalogo","7":"product_tag-burlesque","8":"product_tag-pin-up","9":"product_tag-pintura","10":"desktop-align-left","11":"tablet-align-left","12":"mobile-align-right","14":"first","15":"instock","16":"sold-individually","17":"shipping-taxable","18":"purchasable","19":"product-type-simple"},"uagb_featured_image_src":{"full":["https:\/\/i0.wp.com\/marcor-uruburei.com\/wp-content\/uploads\/2023\/06\/e9b15900-7149-11ef-9c34-95be7bca40e3-scaled.jpg?fit=2048%2C2048&ssl=1",2048,2048,false],"thumbnail":["https:\/\/i0.wp.com\/marcor-uruburei.com\/wp-content\/uploads\/2023\/06\/e9b15900-7149-11ef-9c34-95be7bca40e3-scaled.jpg?resize=150%2C150&ssl=1",150,150,true],"medium":["https:\/\/i0.wp.com\/marcor-uruburei.com\/wp-content\/uploads\/2023\/06\/e9b15900-7149-11ef-9c34-95be7bca40e3-scaled.jpg?fit=300%2C300&ssl=1",300,300,true],"medium_large":["https:\/\/i0.wp.com\/marcor-uruburei.com\/wp-content\/uploads\/2023\/06\/e9b15900-7149-11ef-9c34-95be7bca40e3-scaled.jpg?fit=768%2C768&ssl=1",768,768,true],"large":["https:\/\/i0.wp.com\/marcor-uruburei.com\/wp-content\/uploads\/2023\/06\/e9b15900-7149-11ef-9c34-95be7bca40e3-scaled.jpg?fit=1024%2C1024&ssl=1",1024,1024,true],"1536x1536":["https:\/\/i0.wp.com\/marcor-uruburei.com\/wp-content\/uploads\/2023\/06\/e9b15900-7149-11ef-9c34-95be7bca40e3-scaled.jpg?fit=1536%2C1536&ssl=1",1536,1536,true],"2048x2048":["https:\/\/i0.wp.com\/marcor-uruburei.com\/wp-content\/uploads\/2023\/06\/e9b15900-7149-11ef-9c34-95be7bca40e3-scaled.jpg?fit=2048%2C2048&ssl=1",2048,2048,true],"woocommerce_thumbnail":["https:\/\/i0.wp.com\/marcor-uruburei.com\/wp-content\/uploads\/2023\/06\/e9b15900-7149-11ef-9c34-95be7bca40e3-scaled.jpg?fit=1024%2C1024&ssl=1",1024,1024,true],"woocommerce_single":["https:\/\/i0.wp.com\/marcor-uruburei.com\/wp-content\/uploads\/2023\/06\/e9b15900-7149-11ef-9c34-95be7bca40e3-scaled.jpg?fit=1024%2C1024&ssl=1",1024,1024,true],"woocommerce_gallery_thumbnail":["https:\/\/i0.wp.com\/marcor-uruburei.com\/wp-content\/uploads\/2023\/06\/e9b15900-7149-11ef-9c34-95be7bca40e3-scaled.jpg?resize=100%2C100&ssl=1",100,100,true]},"uagb_author_info":{"display_name":"marcor.uruburei@hotmail.com","author_link":"https:\/\/marcor-uruburei.com\/?author=0"},"uagb_comment_info":0,"uagb_excerpt":"2020 S\u00e9rie \"Fantasias Burlescas\" Pintura acr\u00edlica e colagem sobre tela 54 x 111 cm","jetpack_sharing_enabled":true,"_links":{"self":[{"href":"https:\/\/marcor-uruburei.com\/index.php?rest_route=\/wp\/v2\/product\/2376","targetHints":{"allow":["GET"]}}],"collection":[{"href":"https:\/\/marcor-uruburei.com\/index.php?rest_route=\/wp\/v2\/product"}],"about":[{"href":"https:\/\/marcor-uruburei.com\/index.php?rest_route=\/wp\/v2\/types\/product"}],"version-history":[{"count":4,"href":"https:\/\/marcor-uruburei.com\/index.php?rest_route=\/wp\/v2\/product\/2376\/revisions"}],"predecessor-version":[{"id":3303,"href":"https:\/\/marcor-uruburei.com\/index.php?rest_route=\/wp\/v2\/product\/2376\/revisions\/3303"}],"wp:featuredmedia":[{"embeddable":true,"href":"https:\/\/marcor-uruburei.com\/index.php?rest_route=\/wp\/v2\/media\/3477"}],"wp:attachment":[{"href":"https:\/\/marcor-uruburei.com\/index.php?rest_route=%2Fwp%2Fv2%2Fmedia&parent=2376"}],"wp:term":[{"taxonomy":"product_brand","embeddable":true,"href":"https:\/\/marcor-uruburei.com\/index.php?rest_route=%2Fwp%2Fv2%2Fproduct_brand&post=2376"},{"taxonomy":"product_cat","embeddable":true,"href":"https:\/\/marcor-uruburei.com\/index.php?rest_route=%2Fwp%2Fv2%2Fproduct_cat&post=2376"},{"taxonomy":"product_tag","embeddable":true,"href":"https:\/\/marcor-uruburei.com\/index.php?rest_route=%2Fwp%2Fv2%2Fproduct_tag&post=2376"}],"curies":[{"name":"wp","href":"https:\/\/api.w.org\/{rel}","templated":true}]}}