{"id":2392,"date":"2023-06-27T18:02:56","date_gmt":"2023-06-27T21:02:56","guid":{"rendered":"https:\/\/marcor-uruburei.com\/?post_type=product&#038;p=2392"},"modified":"2024-04-24T13:37:31","modified_gmt":"2024-04-24T16:37:31","slug":"musa-by-night","status":"publish","type":"product","link":"https:\/\/marcor-uruburei.com\/?product=musa-by-night","title":{"rendered":"&#8220;Musa by night&#8221;"},"content":{"rendered":"<p>Em 1996, em Arraial d&#8217;Ajuda, participei de uma exposi\u00e7\u00e3o coletiva onde apresentei uma s\u00e9rie que retratava as personagens e a vibe da \u00e9poca.<br \/>\nRevendo fotos de alguns desses trabalhos me chamou aten\u00e7\u00e3o um quadro preto, branco e cinzas de um figura da noite que era a musa da boate &#8220;By Night&#8221; no centro pr\u00f3ximo da &#8220;Broadway&#8221;.<\/p>\n<p>Era uma mulher preta, bonita, estilosa e muito magra. Chegava causando com seus shorts jeans, camisetas e botas curt\u00edssimos. Tinha um gingado quebrado e uma silhueta eg\u00edpcia.<\/p>\n<p>Depois de semanas observando essa figura, fiquei inspirado e resolvi fazer uma vers\u00e3o atual daquela pintura resgatando fragmentos do meu vocabul\u00e1rio pict\u00f3rico mas seguindo o ritmo da caligrafia das minhas canetas e pinc\u00e9is.<\/p>\n<p>Confesso que adorei o resultado! O rosto e a silhueta seguiu o tra\u00e7o e estiliza\u00e7\u00e3o das minhas atuais pe\u00e7as de papel-mach\u00ea.<br \/>\nMagias do trabalho art\u00edstistico revelando nossas viv\u00eancias e experi\u00eancias&#8230; M\u00e1scaras Africanas, moda, m\u00fasica eletr\u00f4nica criando esse perfil afro futurista.<\/p>\n","protected":false},"excerpt":{"rendered":"<p>2022<\/p>\n<p>S\u00e9rie &#8220;Uniformes&#8221;<\/p>\n<p>Pintura acr\u00edlica e colagem sobre tela<\/p>\n<p>60 x 80 cm<\/p>\n","protected":false},"featured_media":2393,"template":"","meta":{"_uag_custom_page_level_css":"","site-sidebar-layout":"default","site-content-layout":"default","ast-site-content-layout":"default","site-content-style":"default","site-sidebar-style":"default","ast-global-header-display":"","ast-banner-title-visibility":"","ast-main-header-display":"","ast-hfb-above-header-display":"","ast-hfb-below-header-display":"","ast-hfb-mobile-header-display":"","site-post-title":"","ast-breadcrumbs-content":"","ast-featured-img":"","footer-sml-layout":"","ast-disable-related-posts":"","theme-transparent-header-meta":"default","adv-header-id-meta":"","stick-header-meta":"","header-above-stick-meta":"","header-main-stick-meta":"","header-below-stick-meta":"","astra-migrate-meta-layouts":"set","ast-page-background-enabled":"default","ast-page-background-meta":{"desktop":{"background-color":"","background-image":"","background-repeat":"repeat","background-position":"center center","background-size":"auto","background-attachment":"scroll","background-type":"","background-media":"","overlay-type":"","overlay-color":"","overlay-opacity":"","overlay-gradient":""},"tablet":{"background-color":"","background-image":"","background-repeat":"repeat","background-position":"center center","background-size":"auto","background-attachment":"scroll","background-type":"","background-media":"","overlay-type":"","overlay-color":"","overlay-opacity":"","overlay-gradient":""},"mobile":{"background-color":"","background-image":"","background-repeat":"repeat","background-position":"center center","background-size":"auto","background-attachment":"scroll","background-type":"","background-media":"","overlay-type":"","overlay-color":"","overlay-opacity":"","overlay-gradient":""}},"ast-content-background-meta":{"desktop":{"background-color":"var(--ast-global-color-5)","background-image":"","background-repeat":"repeat","background-position":"center center","background-size":"auto","background-attachment":"scroll","background-type":"","background-media":"","overlay-type":"","overlay-color":"","overlay-opacity":"","overlay-gradient":""},"tablet":{"background-color":"var(--ast-global-color-5)","background-image":"","background-repeat":"repeat","background-position":"center center","background-size":"auto","background-attachment":"scroll","background-type":"","background-media":"","overlay-type":"","overlay-color":"","overlay-opacity":"","overlay-gradient":""},"mobile":{"background-color":"var(--ast-global-color-5)","background-image":"","background-repeat":"repeat","background-position":"center center","background-size":"auto","background-attachment":"scroll","background-type":"","background-media":"","overlay-type":"","overlay-color":"","overlay-opacity":"","overlay-gradient":""}}},"product_brand":[],"product_cat":[15],"product_tag":[55,73,74,54],"class_list":{"0":"post-2392","1":"product","2":"type-product","3":"status-publish","4":"has-post-thumbnail","6":"product_cat-galeria-catalogo","7":"product_tag-arte","8":"product_tag-balada","9":"product_tag-musa","10":"product_tag-pintura","11":"desktop-align-left","12":"tablet-align-left","13":"mobile-align-right","15":"first","16":"instock","17":"sold-individually","18":"shipping-taxable","19":"purchasable","20":"product-type-simple"},"uagb_featured_image_src":{"full":["https:\/\/i0.wp.com\/marcor-uruburei.com\/wp-content\/uploads\/2023\/06\/20230627_121909-scaled.jpg?fit=1520%2C2048&ssl=1",1520,2048,false],"thumbnail":["https:\/\/i0.wp.com\/marcor-uruburei.com\/wp-content\/uploads\/2023\/06\/20230627_121909-scaled.jpg?resize=150%2C150&ssl=1",150,150,true],"medium":["https:\/\/i0.wp.com\/marcor-uruburei.com\/wp-content\/uploads\/2023\/06\/20230627_121909-scaled.jpg?fit=223%2C300&ssl=1",223,300,true],"medium_large":["https:\/\/i0.wp.com\/marcor-uruburei.com\/wp-content\/uploads\/2023\/06\/20230627_121909-scaled.jpg?fit=768%2C1035&ssl=1",768,1035,true],"large":["https:\/\/i0.wp.com\/marcor-uruburei.com\/wp-content\/uploads\/2023\/06\/20230627_121909-scaled.jpg?fit=760%2C1024&ssl=1",760,1024,true],"1536x1536":["https:\/\/i0.wp.com\/marcor-uruburei.com\/wp-content\/uploads\/2023\/06\/20230627_121909-scaled.jpg?fit=1140%2C1536&ssl=1",1140,1536,true],"2048x2048":["https:\/\/i0.wp.com\/marcor-uruburei.com\/wp-content\/uploads\/2023\/06\/20230627_121909-scaled.jpg?fit=1520%2C2048&ssl=1",1520,2048,true],"woocommerce_thumbnail":["https:\/\/i0.wp.com\/marcor-uruburei.com\/wp-content\/uploads\/2023\/06\/20230627_121909-scaled.jpg?fit=1024%2C1380&ssl=1",1024,1380,true],"woocommerce_single":["https:\/\/i0.wp.com\/marcor-uruburei.com\/wp-content\/uploads\/2023\/06\/20230627_121909-scaled.jpg?fit=1024%2C1380&ssl=1",1024,1380,true],"woocommerce_gallery_thumbnail":["https:\/\/i0.wp.com\/marcor-uruburei.com\/wp-content\/uploads\/2023\/06\/20230627_121909-scaled.jpg?resize=100%2C100&ssl=1",100,100,true]},"uagb_author_info":{"display_name":"marcor.uruburei@hotmail.com","author_link":"https:\/\/marcor-uruburei.com\/?author=0"},"uagb_comment_info":0,"uagb_excerpt":"2022 S\u00e9rie \"Uniformes\" Pintura acr\u00edlica e colagem sobre tela 60 x 80 cm","jetpack_sharing_enabled":true,"_links":{"self":[{"href":"https:\/\/marcor-uruburei.com\/index.php?rest_route=\/wp\/v2\/product\/2392","targetHints":{"allow":["GET"]}}],"collection":[{"href":"https:\/\/marcor-uruburei.com\/index.php?rest_route=\/wp\/v2\/product"}],"about":[{"href":"https:\/\/marcor-uruburei.com\/index.php?rest_route=\/wp\/v2\/types\/product"}],"version-history":[{"count":2,"href":"https:\/\/marcor-uruburei.com\/index.php?rest_route=\/wp\/v2\/product\/2392\/revisions"}],"predecessor-version":[{"id":2636,"href":"https:\/\/marcor-uruburei.com\/index.php?rest_route=\/wp\/v2\/product\/2392\/revisions\/2636"}],"wp:featuredmedia":[{"embeddable":true,"href":"https:\/\/marcor-uruburei.com\/index.php?rest_route=\/wp\/v2\/media\/2393"}],"wp:attachment":[{"href":"https:\/\/marcor-uruburei.com\/index.php?rest_route=%2Fwp%2Fv2%2Fmedia&parent=2392"}],"wp:term":[{"taxonomy":"product_brand","embeddable":true,"href":"https:\/\/marcor-uruburei.com\/index.php?rest_route=%2Fwp%2Fv2%2Fproduct_brand&post=2392"},{"taxonomy":"product_cat","embeddable":true,"href":"https:\/\/marcor-uruburei.com\/index.php?rest_route=%2Fwp%2Fv2%2Fproduct_cat&post=2392"},{"taxonomy":"product_tag","embeddable":true,"href":"https:\/\/marcor-uruburei.com\/index.php?rest_route=%2Fwp%2Fv2%2Fproduct_tag&post=2392"}],"curies":[{"name":"wp","href":"https:\/\/api.w.org\/{rel}","templated":true}]}}