{"id":2444,"date":"2023-07-17T15:33:02","date_gmt":"2023-07-17T18:33:02","guid":{"rendered":"https:\/\/marcor-uruburei.com\/?post_type=product&#038;p=2444"},"modified":"2024-11-10T12:27:52","modified_gmt":"2024-11-10T15:27:52","slug":"seu-olhar-era-palavra-e-gesto","status":"publish","type":"product","link":"https:\/\/marcor-uruburei.com\/?product=seu-olhar-era-palavra-e-gesto","title":{"rendered":"&#8220;Seu Olhar era palavra e gesto&#8230;&#8221;"},"content":{"rendered":"<p>Mais um trabalho da s\u00e9rie &#8220;todo \u00e9s puro teatro&#8221;.<br \/>\nRetratos, recortes e mem\u00f3rias&#8230;<br \/>\nDesta vez minha inspira\u00e7\u00e3o veio de um recorte fotogr\u00e1fico da maravilhosa atriz Ruth de Souza no auge da sua carreira.<br \/>\nInterpretei sua beleza e o seu Olhar numa conversa de verdes esmeraldas com um azul turquesa intenso.<\/p>\n<p>Ruth de Souza foi pioneira no teatro, cinema e televis\u00e3o, foi tamb\u00e9m a primeira artista negra a conquistar proje\u00e7\u00e3o na dramaturgia brasileira.<br \/>\nConsiderada a primeira grande refer\u00eancia para artistas negras e negros na televis\u00e3o, por seus pap\u00e9is not\u00e1veis onde contrariava as constru\u00e7\u00f5es estereotipadas de personagens negras com talento e firmeza.<br \/>\nIntegrante do Teatro Experimental do Negro (TEN) do diretor Abdias do Nascimento, faz sua estreia em &#8220;O imperador Jone&#8221;, de Eugene O\u2019Neill, em 8 de maio de 1945, no palco do Municipal.<br \/>\nEm 1954, foi a primeira atriz brasileira indicada para um pr\u00eamio internacional: o Le\u00e3o de Ouro, no Festival de Veneza pelo trabalho e sua brilhante presen\u00e7a no filme &#8220;Sinh\u00e1 Mo\u00e7a&#8221;<\/p>\n","protected":false},"excerpt":{"rendered":"<p>2023<\/p>\n<p>S\u00e9rie &#8220;Todo, \u00e9s puro teatro&#8221;<br \/>\nPintura acr\u00edlica sobre tela.<br \/>\n60 x 100 cm<\/p>\n","protected":false},"featured_media":2446,"template":"","meta":{"_uag_custom_page_level_css":"","site-sidebar-layout":"default","site-content-layout":"default","ast-site-content-layout":"default","site-content-style":"default","site-sidebar-style":"default","ast-global-header-display":"","ast-banner-title-visibility":"","ast-main-header-display":"","ast-hfb-above-header-display":"","ast-hfb-below-header-display":"","ast-hfb-mobile-header-display":"","site-post-title":"","ast-breadcrumbs-content":"","ast-featured-img":"","footer-sml-layout":"","ast-disable-related-posts":"","theme-transparent-header-meta":"default","adv-header-id-meta":"","stick-header-meta":"","header-above-stick-meta":"","header-main-stick-meta":"","header-below-stick-meta":"","astra-migrate-meta-layouts":"set","ast-page-background-enabled":"default","ast-page-background-meta":{"desktop":{"background-color":"","background-image":"","background-repeat":"repeat","background-position":"center center","background-size":"auto","background-attachment":"scroll","background-type":"","background-media":"","overlay-type":"","overlay-color":"","overlay-opacity":"","overlay-gradient":""},"tablet":{"background-color":"","background-image":"","background-repeat":"repeat","background-position":"center center","background-size":"auto","background-attachment":"scroll","background-type":"","background-media":"","overlay-type":"","overlay-color":"","overlay-opacity":"","overlay-gradient":""},"mobile":{"background-color":"","background-image":"","background-repeat":"repeat","background-position":"center center","background-size":"auto","background-attachment":"scroll","background-type":"","background-media":"","overlay-type":"","overlay-color":"","overlay-opacity":"","overlay-gradient":""}},"ast-content-background-meta":{"desktop":{"background-color":"var(--ast-global-color-5)","background-image":"","background-repeat":"repeat","background-position":"center center","background-size":"auto","background-attachment":"scroll","background-type":"","background-media":"","overlay-type":"","overlay-color":"","overlay-opacity":"","overlay-gradient":""},"tablet":{"background-color":"var(--ast-global-color-5)","background-image":"","background-repeat":"repeat","background-position":"center center","background-size":"auto","background-attachment":"scroll","background-type":"","background-media":"","overlay-type":"","overlay-color":"","overlay-opacity":"","overlay-gradient":""},"mobile":{"background-color":"var(--ast-global-color-5)","background-image":"","background-repeat":"repeat","background-position":"center center","background-size":"auto","background-attachment":"scroll","background-type":"","background-media":"","overlay-type":"","overlay-color":"","overlay-opacity":"","overlay-gradient":""}}},"product_brand":[],"product_cat":[15],"product_tag":[55,59,81,79,80,56,82],"class_list":{"0":"post-2444","1":"product","2":"type-product","3":"status-publish","4":"has-post-thumbnail","6":"product_cat-galeria-catalogo","7":"product_tag-arte","8":"product_tag-atriz","9":"product_tag-esmeralda","10":"product_tag-pintura-acrilica","11":"product_tag-senhora","12":"product_tag-teatro","13":"product_tag-verde","14":"desktop-align-left","15":"tablet-align-left","16":"mobile-align-right","18":"first","19":"instock","20":"sold-individually","21":"shipping-taxable","22":"purchasable","23":"product-type-simple"},"uagb_featured_image_src":{"full":["https:\/\/i0.wp.com\/marcor-uruburei.com\/wp-content\/uploads\/2023\/07\/20230705_141649-scaled.jpg?fit=1229%2C2048&ssl=1",1229,2048,false],"thumbnail":["https:\/\/i0.wp.com\/marcor-uruburei.com\/wp-content\/uploads\/2023\/07\/20230705_141649-scaled.jpg?resize=150%2C150&ssl=1",150,150,true],"medium":["https:\/\/i0.wp.com\/marcor-uruburei.com\/wp-content\/uploads\/2023\/07\/20230705_141649-scaled.jpg?fit=180%2C300&ssl=1",180,300,true],"medium_large":["https:\/\/i0.wp.com\/marcor-uruburei.com\/wp-content\/uploads\/2023\/07\/20230705_141649-scaled.jpg?fit=768%2C1280&ssl=1",768,1280,true],"large":["https:\/\/i0.wp.com\/marcor-uruburei.com\/wp-content\/uploads\/2023\/07\/20230705_141649-scaled.jpg?fit=614%2C1024&ssl=1",614,1024,true],"1536x1536":["https:\/\/i0.wp.com\/marcor-uruburei.com\/wp-content\/uploads\/2023\/07\/20230705_141649-scaled.jpg?fit=921%2C1536&ssl=1",921,1536,true],"2048x2048":["https:\/\/i0.wp.com\/marcor-uruburei.com\/wp-content\/uploads\/2023\/07\/20230705_141649-scaled.jpg?fit=1229%2C2048&ssl=1",1229,2048,true],"woocommerce_thumbnail":["https:\/\/i0.wp.com\/marcor-uruburei.com\/wp-content\/uploads\/2023\/07\/20230705_141649-scaled.jpg?fit=1024%2C1707&ssl=1",1024,1707,true],"woocommerce_single":["https:\/\/i0.wp.com\/marcor-uruburei.com\/wp-content\/uploads\/2023\/07\/20230705_141649-scaled.jpg?fit=1024%2C1706&ssl=1",1024,1706,true],"woocommerce_gallery_thumbnail":["https:\/\/i0.wp.com\/marcor-uruburei.com\/wp-content\/uploads\/2023\/07\/20230705_141649-scaled.jpg?resize=100%2C100&ssl=1",100,100,true]},"uagb_author_info":{"display_name":"marcor.uruburei@hotmail.com","author_link":"https:\/\/marcor-uruburei.com\/?author=0"},"uagb_comment_info":0,"uagb_excerpt":"2023 S\u00e9rie \"Todo, \u00e9s puro teatro\" Pintura acr\u00edlica sobre tela. 60 x 100 cm","jetpack_sharing_enabled":true,"_links":{"self":[{"href":"https:\/\/marcor-uruburei.com\/index.php?rest_route=\/wp\/v2\/product\/2444","targetHints":{"allow":["GET"]}}],"collection":[{"href":"https:\/\/marcor-uruburei.com\/index.php?rest_route=\/wp\/v2\/product"}],"about":[{"href":"https:\/\/marcor-uruburei.com\/index.php?rest_route=\/wp\/v2\/types\/product"}],"version-history":[{"count":3,"href":"https:\/\/marcor-uruburei.com\/index.php?rest_route=\/wp\/v2\/product\/2444\/revisions"}],"predecessor-version":[{"id":3298,"href":"https:\/\/marcor-uruburei.com\/index.php?rest_route=\/wp\/v2\/product\/2444\/revisions\/3298"}],"wp:featuredmedia":[{"embeddable":true,"href":"https:\/\/marcor-uruburei.com\/index.php?rest_route=\/wp\/v2\/media\/2446"}],"wp:attachment":[{"href":"https:\/\/marcor-uruburei.com\/index.php?rest_route=%2Fwp%2Fv2%2Fmedia&parent=2444"}],"wp:term":[{"taxonomy":"product_brand","embeddable":true,"href":"https:\/\/marcor-uruburei.com\/index.php?rest_route=%2Fwp%2Fv2%2Fproduct_brand&post=2444"},{"taxonomy":"product_cat","embeddable":true,"href":"https:\/\/marcor-uruburei.com\/index.php?rest_route=%2Fwp%2Fv2%2Fproduct_cat&post=2444"},{"taxonomy":"product_tag","embeddable":true,"href":"https:\/\/marcor-uruburei.com\/index.php?rest_route=%2Fwp%2Fv2%2Fproduct_tag&post=2444"}],"curies":[{"name":"wp","href":"https:\/\/api.w.org\/{rel}","templated":true}]}}