{"id":3046,"date":"2023-12-31T11:33:23","date_gmt":"2023-12-31T14:33:23","guid":{"rendered":"https:\/\/marcor-uruburei.com\/?post_type=product&#038;p=3046"},"modified":"2024-11-10T12:25:06","modified_gmt":"2024-11-10T15:25:06","slug":"baiana-futurista-de-oxossi","status":"publish","type":"product","link":"https:\/\/marcor-uruburei.com\/?product=baiana-futurista-de-oxossi","title":{"rendered":"&#8220;Filho de Ox\u00f3ssi&#8221;"},"content":{"rendered":"<p><span style=\"font-weight: 400;\">Dialogando com meus trabalhos maiores da s\u00e9rie \u201cretratos, recortes e mem\u00f3rias\u2026\u201d os pequenos quadros grandes se tornaram uma potente varia\u00e7\u00e3o dessa s\u00e9rie.<\/span><\/p>\n<p><span style=\"font-weight: 400;\">Resolvi pintar em pequenos suportes (placas e telas) super closes de retratos com recortes e \u00e2ngulos inusitados, aproximando a imagem o m\u00e1ximo poss\u00edvel at\u00e9 o ponto que permitisse a identifica\u00e7\u00e3o das personas. O resultado do primeiro retrato me surpreendeu muito! Realmente sugere o \u201crecorte\u201d de uma grande pintura enquadrado num pequeno quadro!\u00a0<\/span><\/p>\n<p><span style=\"font-weight: 400;\">No entanto, as obras acontecem. Com a base crom\u00e1tica de cada tela, pintei as \u201cmolduras\u201d pra acentuar a unicidade da obra. E a pintura resgata do recorte o seu inteiro! Transforma e ressignifica a imagem somando qualidades intr\u00ednsecas da sua linguagem pict\u00f3rica, como tamb\u00e9m, a possibilidade de novas narrativas e varia\u00e7\u00f5es.<\/span><\/p>\n<p><span style=\"font-weight: 400;\">Em muitos quadros, por exemplo, procurei refer\u00eancias contempor\u00e2neas que me inspirassem nos arqu\u00e9tipos dos filhos e filhas dos Orix\u00e1s. No candombl\u00e9 cada divindade possui lendas que justificam seu destino e principalmente o arqu\u00e9tipo de comportamento a ela associado. \u00c9 uma das poucas religi\u00f5es que conduz seus devotos a um processo de autoconhecimento atrav\u00e9s de estudos, rituais e viv\u00eancias verdadeiramente terap\u00eauticas e \u00fanicas.<\/span><\/p>\n<p>&nbsp;<\/p>\n<p><span style=\"font-weight: 400;\">T\u00edtulo: &#8220;Filho de Ox\u00f3ssi&#8221;<\/span><\/p>\n<p><span style=\"font-weight: 400;\">Ox\u00f3ssi \u00e9 o senhor das matas. Protege a ca\u00e7a e o ca\u00e7ador, pois s\u00e3o seres do mesmo espa\u00e7o, a floresta. Para Ox\u00f3ssi, a morte dos animais deve servir somente pra alimentar, respeitando a pr\u00f3pria natureza e o ciclo dos animais. Sendo um s\u00edmbolo de resist\u00eancia \u00e0 ca\u00e7a predat\u00f3ria.<\/span><\/p>\n<p><span style=\"font-weight: 400;\">Junto com Oss\u00e2im, o orix\u00e1 das ervas, t\u00eam na floresta o seu habitat natural, se identificam com ela e convivem produtivamente com a mata.<\/span><\/p>\n<p><span style=\"font-weight: 400;\">Os filhos e filhas de Ox\u00f3ssi s\u00e3o pessoas solit\u00e1rias e perseverantes. Fisicamente s\u00e3o esguias e atentas, movimentam-se com certa gra\u00e7a e leveza. Vaidosos, s\u00e3o discretos por\u00e9m inovadores e refinados no vestir. S\u00e3o \u00f3timos empreendedores, tendem a assumir e organizar o sustento da fam\u00edlia e\/ou do grupo ao qual pertence.\u00a0 Vibram nas frequ\u00eancias das cores verde, amarelo e turquesa. Seu ax\u00e9 atrai solid\u00e3o, independ\u00eancia e potencializa o foco.<\/span><\/p>\n","protected":false},"excerpt":{"rendered":"<p>2023<br \/>\nS\u00e9rie Retratos, recortes e mem\u00f3rias\u2026<br \/>\nPintura acr\u00edlica sobre compensado.<br \/>\nMoldura met\u00e1lica e vidro protetor.<br \/>\n15 X 40 cm<\/p>\n","protected":false},"featured_media":3047,"template":"","meta":{"_uag_custom_page_level_css":"","site-sidebar-layout":"default","site-content-layout":"","ast-site-content-layout":"default","site-content-style":"default","site-sidebar-style":"default","ast-global-header-display":"","ast-banner-title-visibility":"","ast-main-header-display":"","ast-hfb-above-header-display":"","ast-hfb-below-header-display":"","ast-hfb-mobile-header-display":"","site-post-title":"","ast-breadcrumbs-content":"","ast-featured-img":"","footer-sml-layout":"","ast-disable-related-posts":"","theme-transparent-header-meta":"default","adv-header-id-meta":"","stick-header-meta":"","header-above-stick-meta":"","header-main-stick-meta":"","header-below-stick-meta":"","astra-migrate-meta-layouts":"set","ast-page-background-enabled":"default","ast-page-background-meta":{"desktop":{"background-color":"","background-image":"","background-repeat":"repeat","background-position":"center center","background-size":"auto","background-attachment":"scroll","background-type":"","background-media":"","overlay-type":"","overlay-color":"","overlay-opacity":"","overlay-gradient":""},"tablet":{"background-color":"","background-image":"","background-repeat":"repeat","background-position":"center center","background-size":"auto","background-attachment":"scroll","background-type":"","background-media":"","overlay-type":"","overlay-color":"","overlay-opacity":"","overlay-gradient":""},"mobile":{"background-color":"","background-image":"","background-repeat":"repeat","background-position":"center center","background-size":"auto","background-attachment":"scroll","background-type":"","background-media":"","overlay-type":"","overlay-color":"","overlay-opacity":"","overlay-gradient":""}},"ast-content-background-meta":{"desktop":{"background-color":"var(--ast-global-color-5)","background-image":"","background-repeat":"repeat","background-position":"center center","background-size":"auto","background-attachment":"scroll","background-type":"","background-media":"","overlay-type":"","overlay-color":"","overlay-opacity":"","overlay-gradient":""},"tablet":{"background-color":"var(--ast-global-color-5)","background-image":"","background-repeat":"repeat","background-position":"center center","background-size":"auto","background-attachment":"scroll","background-type":"","background-media":"","overlay-type":"","overlay-color":"","overlay-opacity":"","overlay-gradient":""},"mobile":{"background-color":"var(--ast-global-color-5)","background-image":"","background-repeat":"repeat","background-position":"center center","background-size":"auto","background-attachment":"scroll","background-type":"","background-media":"","overlay-type":"","overlay-color":"","overlay-opacity":"","overlay-gradient":""}}},"product_brand":[],"product_cat":[15],"product_tag":[108,110,109,111,55,45,36],"class_list":{"0":"post-3046","1":"product","2":"type-product","3":"status-publish","4":"has-post-thumbnail","6":"product_cat-galeria-catalogo","7":"product_tag-bahia","8":"product_tag-baiana","9":"product_tag-baianafuturista","10":"product_tag-oxossi","11":"product_tag-arte","12":"product_tag-axe","13":"product_tag-orixas","14":"desktop-align-left","15":"tablet-align-left","16":"mobile-align-right","18":"first","19":"instock","20":"sold-individually","21":"shipping-taxable","22":"purchasable","23":"product-type-simple"},"uagb_featured_image_src":{"full":["https:\/\/i0.wp.com\/marcor-uruburei.com\/wp-content\/uploads\/2023\/12\/Pequenos-Grandes-Quadros-12.jpg?fit=1080%2C1080&ssl=1",1080,1080,false],"thumbnail":["https:\/\/i0.wp.com\/marcor-uruburei.com\/wp-content\/uploads\/2023\/12\/Pequenos-Grandes-Quadros-12.jpg?resize=150%2C150&ssl=1",150,150,true],"medium":["https:\/\/i0.wp.com\/marcor-uruburei.com\/wp-content\/uploads\/2023\/12\/Pequenos-Grandes-Quadros-12.jpg?fit=300%2C300&ssl=1",300,300,true],"medium_large":["https:\/\/i0.wp.com\/marcor-uruburei.com\/wp-content\/uploads\/2023\/12\/Pequenos-Grandes-Quadros-12.jpg?fit=768%2C768&ssl=1",768,768,true],"large":["https:\/\/i0.wp.com\/marcor-uruburei.com\/wp-content\/uploads\/2023\/12\/Pequenos-Grandes-Quadros-12.jpg?fit=1024%2C1024&ssl=1",1024,1024,true],"1536x1536":["https:\/\/i0.wp.com\/marcor-uruburei.com\/wp-content\/uploads\/2023\/12\/Pequenos-Grandes-Quadros-12.jpg?fit=1080%2C1080&ssl=1",1080,1080,true],"2048x2048":["https:\/\/i0.wp.com\/marcor-uruburei.com\/wp-content\/uploads\/2023\/12\/Pequenos-Grandes-Quadros-12.jpg?fit=1080%2C1080&ssl=1",1080,1080,true],"woocommerce_thumbnail":["https:\/\/i0.wp.com\/marcor-uruburei.com\/wp-content\/uploads\/2023\/12\/Pequenos-Grandes-Quadros-12.jpg?fit=1024%2C1024&ssl=1",1024,1024,true],"woocommerce_single":["https:\/\/i0.wp.com\/marcor-uruburei.com\/wp-content\/uploads\/2023\/12\/Pequenos-Grandes-Quadros-12.jpg?fit=1024%2C1024&ssl=1",1024,1024,true],"woocommerce_gallery_thumbnail":["https:\/\/i0.wp.com\/marcor-uruburei.com\/wp-content\/uploads\/2023\/12\/Pequenos-Grandes-Quadros-12.jpg?resize=100%2C100&ssl=1",100,100,true]},"uagb_author_info":{"display_name":"marcor.uruburei@hotmail.com","author_link":"https:\/\/marcor-uruburei.com\/?author=0"},"uagb_comment_info":0,"uagb_excerpt":"2023 S\u00e9rie Retratos, recortes e mem\u00f3rias\u2026 Pintura acr\u00edlica sobre compensado. Moldura met\u00e1lica e vidro protetor. 15 X 40 cm","jetpack_sharing_enabled":true,"_links":{"self":[{"href":"https:\/\/marcor-uruburei.com\/index.php?rest_route=\/wp\/v2\/product\/3046","targetHints":{"allow":["GET"]}}],"collection":[{"href":"https:\/\/marcor-uruburei.com\/index.php?rest_route=\/wp\/v2\/product"}],"about":[{"href":"https:\/\/marcor-uruburei.com\/index.php?rest_route=\/wp\/v2\/types\/product"}],"version-history":[{"count":5,"href":"https:\/\/marcor-uruburei.com\/index.php?rest_route=\/wp\/v2\/product\/3046\/revisions"}],"predecessor-version":[{"id":3290,"href":"https:\/\/marcor-uruburei.com\/index.php?rest_route=\/wp\/v2\/product\/3046\/revisions\/3290"}],"wp:featuredmedia":[{"embeddable":true,"href":"https:\/\/marcor-uruburei.com\/index.php?rest_route=\/wp\/v2\/media\/3047"}],"wp:attachment":[{"href":"https:\/\/marcor-uruburei.com\/index.php?rest_route=%2Fwp%2Fv2%2Fmedia&parent=3046"}],"wp:term":[{"taxonomy":"product_brand","embeddable":true,"href":"https:\/\/marcor-uruburei.com\/index.php?rest_route=%2Fwp%2Fv2%2Fproduct_brand&post=3046"},{"taxonomy":"product_cat","embeddable":true,"href":"https:\/\/marcor-uruburei.com\/index.php?rest_route=%2Fwp%2Fv2%2Fproduct_cat&post=3046"},{"taxonomy":"product_tag","embeddable":true,"href":"https:\/\/marcor-uruburei.com\/index.php?rest_route=%2Fwp%2Fv2%2Fproduct_tag&post=3046"}],"curies":[{"name":"wp","href":"https:\/\/api.w.org\/{rel}","templated":true}]}}