{"id":3093,"date":"2024-02-11T17:10:51","date_gmt":"2024-02-11T20:10:51","guid":{"rendered":"https:\/\/marcor-uruburei.com\/?post_type=product&#038;p=3093"},"modified":"2024-11-10T12:24:05","modified_gmt":"2024-11-10T15:24:05","slug":"oxumare","status":"publish","type":"product","link":"https:\/\/marcor-uruburei.com\/?product=oxumare","title":{"rendered":"&#8220;Filha de Oxumar\u00e9&#8221;"},"content":{"rendered":"<p><span style=\"font-weight: 400;\">Dialogando com meus trabalhos maiores da s\u00e9rie \u201cretratos, recortes e mem\u00f3rias\u2026\u201d os pequenos quadros grandes se tornaram uma potente varia\u00e7\u00e3o dessa s\u00e9rie.<\/span><\/p>\n<p><span style=\"font-weight: 400;\">Resolvi pintar em pequenos suportes (placas e telas) super closes de retratos com recortes e \u00e2ngulos inusitados, aproximando a imagem o m\u00e1ximo poss\u00edvel at\u00e9 o ponto que permitisse a identifica\u00e7\u00e3o das personas. O resultado do primeiro retrato me surpreendeu muito! Realmente sugere o \u201crecorte\u201d de uma grande pintura enquadrado num pequeno quadro!\u00a0<\/span><\/p>\n<p><span style=\"font-weight: 400;\">No entanto, as obras acontecem. Com a base crom\u00e1tica de cada tela, pintei as \u201cmolduras\u201d pra acentuar a unicidade da obra. E a pintura resgata do recorte o seu inteiro! Transforma e ressignifica a imagem somando qualidades intr\u00ednsecas da sua linguagem pict\u00f3rica, como tamb\u00e9m, a possibilidade de novas narrativas e varia\u00e7\u00f5es.<\/span><\/p>\n<p><span style=\"font-weight: 400;\">Em muitos quadros, por exemplo, procurei refer\u00eancias contempor\u00e2neas que me inspirassem nos arqu\u00e9tipos dos filhos e filhas dos Orix\u00e1s. No candombl\u00e9 cada divindade possui lendas que justificam seu destino e principalmente o arqu\u00e9tipo de comportamento a ela associado. \u00c9 uma das poucas religi\u00f5es que conduz seus devotos a um processo de autoconhecimento atrav\u00e9s de estudos, rituais e viv\u00eancias verdadeiramente terap\u00eauticas e \u00fanicas.<\/span><\/p>\n<p>&nbsp;<\/p>\n<p><span style=\"font-weight: 400;\">T\u00edtulo: &#8220;Filha de Oxumar\u00e9&#8221;<\/span><\/p>\n<p><span style=\"font-weight: 400;\">Oxumar\u00e9 \u00e9 o Orix\u00e1 da dualidade. Rege as mudan\u00e7as ou transmuta\u00e7\u00f5es entre p\u00f3los opostos. Seu s\u00edmbolo maior \u00e9 o arco-\u00edris que deixa no horizonte o registro multicolorido da transforma\u00e7\u00e3o da chuva em nuvens de vapor. Metade do ano \u00e9 masculino e na outra \u00e9 feminino. Domina o horizonte, o dia e a noite com sua irm\u00e3 g\u00eamea Ew\u00e1. Quando se transforma em cobra, morde seu pr\u00f3prio rabo gerando o movimento vital e cont\u00ednuo do mundo e de todo o cosmos.\u00a0<\/span><\/p>\n<p><span style=\"font-weight: 400;\">Suas filhas e filhos refletem essa instabilidade, caracter\u00edstica de quem est\u00e1 em constantes mudan\u00e7as e movimentos. No entanto, coreografam esses movimentos em ritmos t\u00e3o brilhantes e inusitados que geralmente se destacam nas carreiras art\u00edsticas. Vibram na frequ\u00eancia crom\u00e1tica das cores do arco-\u00edris, com predomin\u00e2ncia do verde e amarelo saturados. Seu ax\u00e9 atrai movimento, mudan\u00e7as e potencializa a criatividade.<\/span><\/p>\n","protected":false},"excerpt":{"rendered":"<p>Ano: 2024<br \/>\nS\u00e9rie Retratos, recortes e mem\u00f3rias\u2026<br \/>\nPintura acr\u00edlica sobre tela.<br \/>\n20 X 40 cm<\/p>\n","protected":false},"featured_media":3094,"template":"","meta":{"_uag_custom_page_level_css":"","site-sidebar-layout":"default","site-content-layout":"","ast-site-content-layout":"default","site-content-style":"default","site-sidebar-style":"default","ast-global-header-display":"","ast-banner-title-visibility":"","ast-main-header-display":"","ast-hfb-above-header-display":"","ast-hfb-below-header-display":"","ast-hfb-mobile-header-display":"","site-post-title":"","ast-breadcrumbs-content":"","ast-featured-img":"","footer-sml-layout":"","ast-disable-related-posts":"","theme-transparent-header-meta":"default","adv-header-id-meta":"","stick-header-meta":"","header-above-stick-meta":"","header-main-stick-meta":"","header-below-stick-meta":"","astra-migrate-meta-layouts":"set","ast-page-background-enabled":"default","ast-page-background-meta":{"desktop":{"background-color":"","background-image":"","background-repeat":"repeat","background-position":"center center","background-size":"auto","background-attachment":"scroll","background-type":"","background-media":"","overlay-type":"","overlay-color":"","overlay-opacity":"","overlay-gradient":""},"tablet":{"background-color":"","background-image":"","background-repeat":"repeat","background-position":"center center","background-size":"auto","background-attachment":"scroll","background-type":"","background-media":"","overlay-type":"","overlay-color":"","overlay-opacity":"","overlay-gradient":""},"mobile":{"background-color":"","background-image":"","background-repeat":"repeat","background-position":"center center","background-size":"auto","background-attachment":"scroll","background-type":"","background-media":"","overlay-type":"","overlay-color":"","overlay-opacity":"","overlay-gradient":""}},"ast-content-background-meta":{"desktop":{"background-color":"var(--ast-global-color-5)","background-image":"","background-repeat":"repeat","background-position":"center center","background-size":"auto","background-attachment":"scroll","background-type":"","background-media":"","overlay-type":"","overlay-color":"","overlay-opacity":"","overlay-gradient":""},"tablet":{"background-color":"var(--ast-global-color-5)","background-image":"","background-repeat":"repeat","background-position":"center center","background-size":"auto","background-attachment":"scroll","background-type":"","background-media":"","overlay-type":"","overlay-color":"","overlay-opacity":"","overlay-gradient":""},"mobile":{"background-color":"var(--ast-global-color-5)","background-image":"","background-repeat":"repeat","background-position":"center center","background-size":"auto","background-attachment":"scroll","background-type":"","background-media":"","overlay-type":"","overlay-color":"","overlay-opacity":"","overlay-gradient":""}}},"product_brand":[],"product_cat":[15],"product_tag":[110,45,117,118,116],"class_list":{"0":"post-3093","1":"product","2":"type-product","3":"status-publish","4":"has-post-thumbnail","6":"product_cat-galeria-catalogo","7":"product_tag-baiana","8":"product_tag-axe","9":"product_tag-citrico","10":"product_tag-oxumare","11":"product_tag-quadro-amarelo","12":"desktop-align-left","13":"tablet-align-left","14":"mobile-align-right","16":"first","17":"instock","18":"sold-individually","19":"shipping-taxable","20":"purchasable","21":"product-type-simple"},"uagb_featured_image_src":{"full":["https:\/\/i0.wp.com\/marcor-uruburei.com\/wp-content\/uploads\/2024\/02\/Oxumare-6-scaled.jpg?fit=1712%2C2048&ssl=1",1712,2048,false],"thumbnail":["https:\/\/i0.wp.com\/marcor-uruburei.com\/wp-content\/uploads\/2024\/02\/Oxumare-6-scaled.jpg?resize=150%2C150&ssl=1",150,150,true],"medium":["https:\/\/i0.wp.com\/marcor-uruburei.com\/wp-content\/uploads\/2024\/02\/Oxumare-6-scaled.jpg?fit=251%2C300&ssl=1",251,300,true],"medium_large":["https:\/\/i0.wp.com\/marcor-uruburei.com\/wp-content\/uploads\/2024\/02\/Oxumare-6-scaled.jpg?fit=768%2C919&ssl=1",768,919,true],"large":["https:\/\/i0.wp.com\/marcor-uruburei.com\/wp-content\/uploads\/2024\/02\/Oxumare-6-scaled.jpg?fit=856%2C1024&ssl=1",856,1024,true],"1536x1536":["https:\/\/i0.wp.com\/marcor-uruburei.com\/wp-content\/uploads\/2024\/02\/Oxumare-6-scaled.jpg?fit=1284%2C1536&ssl=1",1284,1536,true],"2048x2048":["https:\/\/i0.wp.com\/marcor-uruburei.com\/wp-content\/uploads\/2024\/02\/Oxumare-6-scaled.jpg?fit=1712%2C2048&ssl=1",1712,2048,true],"woocommerce_thumbnail":["https:\/\/i0.wp.com\/marcor-uruburei.com\/wp-content\/uploads\/2024\/02\/Oxumare-6-scaled.jpg?fit=1024%2C1225&ssl=1",1024,1225,true],"woocommerce_single":["https:\/\/i0.wp.com\/marcor-uruburei.com\/wp-content\/uploads\/2024\/02\/Oxumare-6-scaled.jpg?fit=1024%2C1225&ssl=1",1024,1225,true],"woocommerce_gallery_thumbnail":["https:\/\/i0.wp.com\/marcor-uruburei.com\/wp-content\/uploads\/2024\/02\/Oxumare-6-scaled.jpg?resize=100%2C100&ssl=1",100,100,true]},"uagb_author_info":{"display_name":"marcor.uruburei@hotmail.com","author_link":"https:\/\/marcor-uruburei.com\/?author=0"},"uagb_comment_info":0,"uagb_excerpt":"Ano: 2024 S\u00e9rie Retratos, recortes e mem\u00f3rias\u2026 Pintura acr\u00edlica sobre tela. 20 X 40 cm","jetpack_sharing_enabled":true,"_links":{"self":[{"href":"https:\/\/marcor-uruburei.com\/index.php?rest_route=\/wp\/v2\/product\/3093","targetHints":{"allow":["GET"]}}],"collection":[{"href":"https:\/\/marcor-uruburei.com\/index.php?rest_route=\/wp\/v2\/product"}],"about":[{"href":"https:\/\/marcor-uruburei.com\/index.php?rest_route=\/wp\/v2\/types\/product"}],"version-history":[{"count":4,"href":"https:\/\/marcor-uruburei.com\/index.php?rest_route=\/wp\/v2\/product\/3093\/revisions"}],"predecessor-version":[{"id":3281,"href":"https:\/\/marcor-uruburei.com\/index.php?rest_route=\/wp\/v2\/product\/3093\/revisions\/3281"}],"wp:featuredmedia":[{"embeddable":true,"href":"https:\/\/marcor-uruburei.com\/index.php?rest_route=\/wp\/v2\/media\/3094"}],"wp:attachment":[{"href":"https:\/\/marcor-uruburei.com\/index.php?rest_route=%2Fwp%2Fv2%2Fmedia&parent=3093"}],"wp:term":[{"taxonomy":"product_brand","embeddable":true,"href":"https:\/\/marcor-uruburei.com\/index.php?rest_route=%2Fwp%2Fv2%2Fproduct_brand&post=3093"},{"taxonomy":"product_cat","embeddable":true,"href":"https:\/\/marcor-uruburei.com\/index.php?rest_route=%2Fwp%2Fv2%2Fproduct_cat&post=3093"},{"taxonomy":"product_tag","embeddable":true,"href":"https:\/\/marcor-uruburei.com\/index.php?rest_route=%2Fwp%2Fv2%2Fproduct_tag&post=3093"}],"curies":[{"name":"wp","href":"https:\/\/api.w.org\/{rel}","templated":true}]}}