{"id":3192,"date":"2024-04-08T17:48:00","date_gmt":"2024-04-08T20:48:00","guid":{"rendered":"https:\/\/marcor-uruburei.com\/?post_type=product&#038;p=3192"},"modified":"2024-11-10T12:22:10","modified_gmt":"2024-11-10T15:22:10","slug":"filha-de-xango","status":"publish","type":"product","link":"https:\/\/marcor-uruburei.com\/?product=filha-de-xango","title":{"rendered":"&#8220;Filha de Xang\u00f4&#8221;"},"content":{"rendered":"<p><span style=\"font-weight: 400;\">Dialogando com meus trabalhos maiores da s\u00e9rie \u201cretratos, recortes e mem\u00f3rias\u2026\u201d os pequenos quadros grandes se tornaram uma potente varia\u00e7\u00e3o dessa s\u00e9rie.<\/span><\/p>\n<p><span style=\"font-weight: 400;\">Resolvi pintar em pequenos suportes (placas e telas) super closes de retratos com recortes e \u00e2ngulos inusitados, aproximando a imagem o m\u00e1ximo poss\u00edvel at\u00e9 o ponto que permitisse a identifica\u00e7\u00e3o das personas. O resultado do primeiro retrato me surpreendeu muito! Realmente sugere o \u201crecorte\u201d de uma grande pintura enquadrado num pequeno quadro!\u00a0<\/span><\/p>\n<p><span style=\"font-weight: 400;\">No entanto, as obras acontecem. Com a base crom\u00e1tica de cada tela, pintei as \u201cmolduras\u201d pra acentuar a unicidade da obra. E a pintura resgata do recorte o seu inteiro! Transforma e ressignifica a imagem somando qualidades intr\u00ednsecas da sua linguagem pict\u00f3rica, como tamb\u00e9m, a possibilidade de novas narrativas e varia\u00e7\u00f5es.<\/span><\/p>\n<p><span style=\"font-weight: 400;\">Em muitos quadros, por exemplo, procurei refer\u00eancias contempor\u00e2neas que me inspirassem nos arqu\u00e9tipos dos filhos e filhas dos Orix\u00e1s. No candombl\u00e9 cada divindade possui lendas que justificam seu destino e principalmente o arqu\u00e9tipo de comportamento a ela associado. \u00c9 uma das poucas religi\u00f5es que conduz seus devotos a um processo de autoconhecimento atrav\u00e9s de estudos, rituais e viv\u00eancias verdadeiramente terap\u00eauticas e \u00fanicas.<\/span><\/p>\n<p>&nbsp;<\/p>\n<p><span style=\"font-weight: 400;\">T\u00edtulo: &#8220;Filha de Xang\u00f4&#8221;<\/span><\/p>\n<p><span style=\"font-weight: 400;\">Xang\u00f4 \u00e9 o senhor da justi\u00e7a e protetor das artes. Conhecido como um justiceiro implac\u00e1vel, \u00e9 o Orix\u00e1 do raio e do trov\u00e3o. Pela sua capacidade de administrar com neutralidade e manter a estabilidade nos seus reinos, \u00e9 identificado com a firmeza da rocha. Seu machado de duas pontas representa a for\u00e7a do seu poder de cortar em dire\u00e7\u00f5es opostas. Seus ministros eram extens\u00f5es do seu poder, chamados como os \u201colhos de Xang\u00f4&#8221;. Vaidoso e conquistador, teve v\u00e1rias esposas: Ob\u00e1, Oxum e a guerreira Yans\u00e3, sua parceira de leito e batalhas.\u00a0<\/span><\/p>\n<p><span style=\"font-weight: 400;\">Seus filhos e filhas geralmente s\u00e3o pessoas de silhuetas fortes e marcantes. Gostam de j\u00f3ias e adere\u00e7os. Apreciam e colecionam objetos de arte. Se destacam nas profiss\u00f5es administrativas e nos cargos de poder. Amantes ardentes tendem a ser vol\u00faveis nas rela\u00e7\u00f5es. Vibram na frequ\u00eancia das cores branca, vermelho coral e marrom escuro. Seu ax\u00e9 atrai justi\u00e7a, prosperidade e potencializa o discernimento.<\/span><\/p>\n","protected":false},"excerpt":{"rendered":"<p>Ano: 2024<br \/>\nS\u00e9rie Retratos, recortes e mem\u00f3rias\u2026<br \/>\nPintura acr\u00edlica sobre tela.<br \/>\n20 X 40 cm<\/p>\n","protected":false},"featured_media":3196,"template":"","meta":{"_uag_custom_page_level_css":"","site-sidebar-layout":"default","site-content-layout":"","ast-site-content-layout":"default","site-content-style":"default","site-sidebar-style":"default","ast-global-header-display":"","ast-banner-title-visibility":"","ast-main-header-display":"","ast-hfb-above-header-display":"","ast-hfb-below-header-display":"","ast-hfb-mobile-header-display":"","site-post-title":"","ast-breadcrumbs-content":"","ast-featured-img":"","footer-sml-layout":"","ast-disable-related-posts":"","theme-transparent-header-meta":"default","adv-header-id-meta":"","stick-header-meta":"","header-above-stick-meta":"","header-main-stick-meta":"","header-below-stick-meta":"","astra-migrate-meta-layouts":"set","ast-page-background-enabled":"default","ast-page-background-meta":{"desktop":{"background-color":"","background-image":"","background-repeat":"repeat","background-position":"center center","background-size":"auto","background-attachment":"scroll","background-type":"","background-media":"","overlay-type":"","overlay-color":"","overlay-opacity":"","overlay-gradient":""},"tablet":{"background-color":"","background-image":"","background-repeat":"repeat","background-position":"center center","background-size":"auto","background-attachment":"scroll","background-type":"","background-media":"","overlay-type":"","overlay-color":"","overlay-opacity":"","overlay-gradient":""},"mobile":{"background-color":"","background-image":"","background-repeat":"repeat","background-position":"center center","background-size":"auto","background-attachment":"scroll","background-type":"","background-media":"","overlay-type":"","overlay-color":"","overlay-opacity":"","overlay-gradient":""}},"ast-content-background-meta":{"desktop":{"background-color":"var(--ast-global-color-5)","background-image":"","background-repeat":"repeat","background-position":"center center","background-size":"auto","background-attachment":"scroll","background-type":"","background-media":"","overlay-type":"","overlay-color":"","overlay-opacity":"","overlay-gradient":""},"tablet":{"background-color":"var(--ast-global-color-5)","background-image":"","background-repeat":"repeat","background-position":"center center","background-size":"auto","background-attachment":"scroll","background-type":"","background-media":"","overlay-type":"","overlay-color":"","overlay-opacity":"","overlay-gradient":""},"mobile":{"background-color":"var(--ast-global-color-5)","background-image":"","background-repeat":"repeat","background-position":"center center","background-size":"auto","background-attachment":"scroll","background-type":"","background-media":"","overlay-type":"","overlay-color":"","overlay-opacity":"","overlay-gradient":""}}},"product_brand":[],"product_cat":[15],"product_tag":[110,45,79,123],"class_list":{"0":"post-3192","1":"product","2":"type-product","3":"status-publish","4":"has-post-thumbnail","6":"product_cat-galeria-catalogo","7":"product_tag-baiana","8":"product_tag-axe","9":"product_tag-pintura-acrilica","10":"product_tag-xango","11":"desktop-align-left","12":"tablet-align-left","13":"mobile-align-right","15":"first","16":"instock","17":"sold-individually","18":"shipping-taxable","19":"purchasable","20":"product-type-simple"},"uagb_featured_image_src":{"full":["https:\/\/i0.wp.com\/marcor-uruburei.com\/wp-content\/uploads\/2024\/04\/39f41cd0-f5d6-11ee-a3f3-01a115eae510-scaled.jpg?fit=1712%2C2048&ssl=1",1712,2048,false],"thumbnail":["https:\/\/i0.wp.com\/marcor-uruburei.com\/wp-content\/uploads\/2024\/04\/39f41cd0-f5d6-11ee-a3f3-01a115eae510-scaled.jpg?resize=150%2C150&ssl=1",150,150,true],"medium":["https:\/\/i0.wp.com\/marcor-uruburei.com\/wp-content\/uploads\/2024\/04\/39f41cd0-f5d6-11ee-a3f3-01a115eae510-scaled.jpg?fit=251%2C300&ssl=1",251,300,true],"medium_large":["https:\/\/i0.wp.com\/marcor-uruburei.com\/wp-content\/uploads\/2024\/04\/39f41cd0-f5d6-11ee-a3f3-01a115eae510-scaled.jpg?fit=768%2C919&ssl=1",768,919,true],"large":["https:\/\/i0.wp.com\/marcor-uruburei.com\/wp-content\/uploads\/2024\/04\/39f41cd0-f5d6-11ee-a3f3-01a115eae510-scaled.jpg?fit=856%2C1024&ssl=1",856,1024,true],"1536x1536":["https:\/\/i0.wp.com\/marcor-uruburei.com\/wp-content\/uploads\/2024\/04\/39f41cd0-f5d6-11ee-a3f3-01a115eae510-scaled.jpg?fit=1284%2C1536&ssl=1",1284,1536,true],"2048x2048":["https:\/\/i0.wp.com\/marcor-uruburei.com\/wp-content\/uploads\/2024\/04\/39f41cd0-f5d6-11ee-a3f3-01a115eae510-scaled.jpg?fit=1712%2C2048&ssl=1",1712,2048,true],"woocommerce_thumbnail":["https:\/\/i0.wp.com\/marcor-uruburei.com\/wp-content\/uploads\/2024\/04\/39f41cd0-f5d6-11ee-a3f3-01a115eae510-scaled.jpg?fit=1024%2C1225&ssl=1",1024,1225,true],"woocommerce_single":["https:\/\/i0.wp.com\/marcor-uruburei.com\/wp-content\/uploads\/2024\/04\/39f41cd0-f5d6-11ee-a3f3-01a115eae510-scaled.jpg?fit=1024%2C1225&ssl=1",1024,1225,true],"woocommerce_gallery_thumbnail":["https:\/\/i0.wp.com\/marcor-uruburei.com\/wp-content\/uploads\/2024\/04\/39f41cd0-f5d6-11ee-a3f3-01a115eae510-scaled.jpg?resize=100%2C100&ssl=1",100,100,true]},"uagb_author_info":{"display_name":"marcor.uruburei@hotmail.com","author_link":"https:\/\/marcor-uruburei.com\/?author=0"},"uagb_comment_info":0,"uagb_excerpt":"Ano: 2024 S\u00e9rie Retratos, recortes e mem\u00f3rias\u2026 Pintura acr\u00edlica sobre tela. 20 X 40 cm","jetpack_sharing_enabled":true,"_links":{"self":[{"href":"https:\/\/marcor-uruburei.com\/index.php?rest_route=\/wp\/v2\/product\/3192","targetHints":{"allow":["GET"]}}],"collection":[{"href":"https:\/\/marcor-uruburei.com\/index.php?rest_route=\/wp\/v2\/product"}],"about":[{"href":"https:\/\/marcor-uruburei.com\/index.php?rest_route=\/wp\/v2\/types\/product"}],"version-history":[{"count":2,"href":"https:\/\/marcor-uruburei.com\/index.php?rest_route=\/wp\/v2\/product\/3192\/revisions"}],"predecessor-version":[{"id":3282,"href":"https:\/\/marcor-uruburei.com\/index.php?rest_route=\/wp\/v2\/product\/3192\/revisions\/3282"}],"wp:featuredmedia":[{"embeddable":true,"href":"https:\/\/marcor-uruburei.com\/index.php?rest_route=\/wp\/v2\/media\/3196"}],"wp:attachment":[{"href":"https:\/\/marcor-uruburei.com\/index.php?rest_route=%2Fwp%2Fv2%2Fmedia&parent=3192"}],"wp:term":[{"taxonomy":"product_brand","embeddable":true,"href":"https:\/\/marcor-uruburei.com\/index.php?rest_route=%2Fwp%2Fv2%2Fproduct_brand&post=3192"},{"taxonomy":"product_cat","embeddable":true,"href":"https:\/\/marcor-uruburei.com\/index.php?rest_route=%2Fwp%2Fv2%2Fproduct_cat&post=3192"},{"taxonomy":"product_tag","embeddable":true,"href":"https:\/\/marcor-uruburei.com\/index.php?rest_route=%2Fwp%2Fv2%2Fproduct_tag&post=3192"}],"curies":[{"name":"wp","href":"https:\/\/api.w.org\/{rel}","templated":true}]}}