{"id":3495,"date":"2024-10-24T18:27:43","date_gmt":"2024-10-24T21:27:43","guid":{"rendered":"https:\/\/marcor-uruburei.com\/?post_type=product&#038;p=3495"},"modified":"2024-11-10T12:19:18","modified_gmt":"2024-11-10T15:19:18","slug":"xica-da-silva-zeze-motta","status":"publish","type":"product","link":"https:\/\/marcor-uruburei.com\/?product=xica-da-silva-zeze-motta","title":{"rendered":"&#8221; Xica da Silva &#8221; &#8211; Zez\u00e9 Motta"},"content":{"rendered":"<p><span style=\"font-weight: 400;\">A realeza de Xica da Silva em cada detalhe&#8230;<\/span><\/p>\n<p><span style=\"font-weight: 400;\">Nesta obra, celebro a for\u00e7a e a beleza de Zez\u00e9 Motta, eternizada como Xica da Silva.\u00a0<\/span><\/p>\n<p><span style=\"font-weight: 400;\">Com tra\u00e7os delicados e um olhar que carrega poder, a pintura faz uma releitura do papel que marcou a hist\u00f3ria do cinema e a trajet\u00f3ria de Zez\u00e9, que recebeu o Pr\u00eamio de Melhor Atriz no Festival de Bras\u00edlia de 1976.<\/span><\/p>\n<p><span style=\"font-weight: 400;\">Um tributo a uma mulher que, com sua arte, continua atuante e a inspirar gera\u00e7\u00f5es!<\/span><\/p>\n","protected":false},"excerpt":{"rendered":"<p>Ano: 2024<br \/>\nS\u00e9rie: Retratos, Recortes e Mem\u00f3rias&#8230;<br \/>\nT\u00e9cnica: Pintura acr\u00edlica sobre tela.<br \/>\nDimens\u00f5es: 23 x 43 cm (com moldura)<\/p>\n","protected":false},"featured_media":3496,"template":"","meta":{"_uag_custom_page_level_css":"","site-sidebar-layout":"default","site-content-layout":"","ast-site-content-layout":"default","site-content-style":"default","site-sidebar-style":"default","ast-global-header-display":"","ast-banner-title-visibility":"","ast-main-header-display":"","ast-hfb-above-header-display":"","ast-hfb-below-header-display":"","ast-hfb-mobile-header-display":"","site-post-title":"","ast-breadcrumbs-content":"","ast-featured-img":"","footer-sml-layout":"","ast-disable-related-posts":"","theme-transparent-header-meta":"default","adv-header-id-meta":"","stick-header-meta":"","header-above-stick-meta":"","header-main-stick-meta":"","header-below-stick-meta":"","astra-migrate-meta-layouts":"set","ast-page-background-enabled":"default","ast-page-background-meta":{"desktop":{"background-color":"","background-image":"","background-repeat":"repeat","background-position":"center center","background-size":"auto","background-attachment":"scroll","background-type":"","background-media":"","overlay-type":"","overlay-color":"","overlay-opacity":"","overlay-gradient":""},"tablet":{"background-color":"","background-image":"","background-repeat":"repeat","background-position":"center center","background-size":"auto","background-attachment":"scroll","background-type":"","background-media":"","overlay-type":"","overlay-color":"","overlay-opacity":"","overlay-gradient":""},"mobile":{"background-color":"","background-image":"","background-repeat":"repeat","background-position":"center center","background-size":"auto","background-attachment":"scroll","background-type":"","background-media":"","overlay-type":"","overlay-color":"","overlay-opacity":"","overlay-gradient":""}},"ast-content-background-meta":{"desktop":{"background-color":"var(--ast-global-color-5)","background-image":"","background-repeat":"repeat","background-position":"center center","background-size":"auto","background-attachment":"scroll","background-type":"","background-media":"","overlay-type":"","overlay-color":"","overlay-opacity":"","overlay-gradient":""},"tablet":{"background-color":"var(--ast-global-color-5)","background-image":"","background-repeat":"repeat","background-position":"center center","background-size":"auto","background-attachment":"scroll","background-type":"","background-media":"","overlay-type":"","overlay-color":"","overlay-opacity":"","overlay-gradient":""},"mobile":{"background-color":"var(--ast-global-color-5)","background-image":"","background-repeat":"repeat","background-position":"center center","background-size":"auto","background-attachment":"scroll","background-type":"","background-media":"","overlay-type":"","overlay-color":"","overlay-opacity":"","overlay-gradient":""}}},"product_brand":[],"product_cat":[15],"product_tag":[107,55,56],"class_list":{"0":"post-3495","1":"product","2":"type-product","3":"status-publish","4":"has-post-thumbnail","6":"product_cat-galeria-catalogo","7":"product_tag-pinturaacrilica","8":"product_tag-arte","9":"product_tag-teatro","10":"desktop-align-left","11":"tablet-align-left","12":"mobile-align-right","14":"first","15":"instock","16":"sold-individually","17":"shipping-taxable","18":"purchasable","19":"product-type-simple"},"uagb_featured_image_src":{"full":["https:\/\/i0.wp.com\/marcor-uruburei.com\/wp-content\/uploads\/2024\/10\/82b8db10-924b-11ef-a1d6-772fb223b056-scaled.jpg?fit=2048%2C2048&ssl=1",2048,2048,false],"thumbnail":["https:\/\/i0.wp.com\/marcor-uruburei.com\/wp-content\/uploads\/2024\/10\/82b8db10-924b-11ef-a1d6-772fb223b056-scaled.jpg?resize=150%2C150&ssl=1",150,150,true],"medium":["https:\/\/i0.wp.com\/marcor-uruburei.com\/wp-content\/uploads\/2024\/10\/82b8db10-924b-11ef-a1d6-772fb223b056-scaled.jpg?fit=300%2C300&ssl=1",300,300,true],"medium_large":["https:\/\/i0.wp.com\/marcor-uruburei.com\/wp-content\/uploads\/2024\/10\/82b8db10-924b-11ef-a1d6-772fb223b056-scaled.jpg?fit=768%2C768&ssl=1",768,768,true],"large":["https:\/\/i0.wp.com\/marcor-uruburei.com\/wp-content\/uploads\/2024\/10\/82b8db10-924b-11ef-a1d6-772fb223b056-scaled.jpg?fit=1024%2C1024&ssl=1",1024,1024,true],"1536x1536":["https:\/\/i0.wp.com\/marcor-uruburei.com\/wp-content\/uploads\/2024\/10\/82b8db10-924b-11ef-a1d6-772fb223b056-scaled.jpg?fit=1536%2C1536&ssl=1",1536,1536,true],"2048x2048":["https:\/\/i0.wp.com\/marcor-uruburei.com\/wp-content\/uploads\/2024\/10\/82b8db10-924b-11ef-a1d6-772fb223b056-scaled.jpg?fit=2048%2C2048&ssl=1",2048,2048,true],"woocommerce_thumbnail":["https:\/\/i0.wp.com\/marcor-uruburei.com\/wp-content\/uploads\/2024\/10\/82b8db10-924b-11ef-a1d6-772fb223b056-scaled.jpg?fit=1024%2C1024&ssl=1",1024,1024,true],"woocommerce_single":["https:\/\/i0.wp.com\/marcor-uruburei.com\/wp-content\/uploads\/2024\/10\/82b8db10-924b-11ef-a1d6-772fb223b056-scaled.jpg?fit=1024%2C1024&ssl=1",1024,1024,true],"woocommerce_gallery_thumbnail":["https:\/\/i0.wp.com\/marcor-uruburei.com\/wp-content\/uploads\/2024\/10\/82b8db10-924b-11ef-a1d6-772fb223b056-scaled.jpg?resize=100%2C100&ssl=1",100,100,true]},"uagb_author_info":{"display_name":"marcor.uruburei@hotmail.com","author_link":"https:\/\/marcor-uruburei.com\/?author=0"},"uagb_comment_info":0,"uagb_excerpt":"Ano: 2024 S\u00e9rie: Retratos, Recortes e Mem\u00f3rias... T\u00e9cnica: Pintura acr\u00edlica sobre tela. Dimens\u00f5es: 23 x 43 cm (com moldura)","jetpack_sharing_enabled":true,"_links":{"self":[{"href":"https:\/\/marcor-uruburei.com\/index.php?rest_route=\/wp\/v2\/product\/3495","targetHints":{"allow":["GET"]}}],"collection":[{"href":"https:\/\/marcor-uruburei.com\/index.php?rest_route=\/wp\/v2\/product"}],"about":[{"href":"https:\/\/marcor-uruburei.com\/index.php?rest_route=\/wp\/v2\/types\/product"}],"version-history":[{"count":1,"href":"https:\/\/marcor-uruburei.com\/index.php?rest_route=\/wp\/v2\/product\/3495\/revisions"}],"predecessor-version":[{"id":3501,"href":"https:\/\/marcor-uruburei.com\/index.php?rest_route=\/wp\/v2\/product\/3495\/revisions\/3501"}],"wp:featuredmedia":[{"embeddable":true,"href":"https:\/\/marcor-uruburei.com\/index.php?rest_route=\/wp\/v2\/media\/3496"}],"wp:attachment":[{"href":"https:\/\/marcor-uruburei.com\/index.php?rest_route=%2Fwp%2Fv2%2Fmedia&parent=3495"}],"wp:term":[{"taxonomy":"product_brand","embeddable":true,"href":"https:\/\/marcor-uruburei.com\/index.php?rest_route=%2Fwp%2Fv2%2Fproduct_brand&post=3495"},{"taxonomy":"product_cat","embeddable":true,"href":"https:\/\/marcor-uruburei.com\/index.php?rest_route=%2Fwp%2Fv2%2Fproduct_cat&post=3495"},{"taxonomy":"product_tag","embeddable":true,"href":"https:\/\/marcor-uruburei.com\/index.php?rest_route=%2Fwp%2Fv2%2Fproduct_tag&post=3495"}],"curies":[{"name":"wp","href":"https:\/\/api.w.org\/{rel}","templated":true}]}}