{"id":3536,"date":"2025-05-16T13:41:49","date_gmt":"2025-05-16T16:41:49","guid":{"rendered":"https:\/\/marcor-uruburei.com\/?post_type=product&#038;p=3536"},"modified":"2025-05-16T14:16:15","modified_gmt":"2025-05-16T17:16:15","slug":"episodio-1-o-rio-do-tempo","status":"publish","type":"product","link":"https:\/\/marcor-uruburei.com\/?product=episodio-1-o-rio-do-tempo","title":{"rendered":"&#8220;Epis\u00f3dio 1: O Rio do Tempo&#8221;"},"content":{"rendered":"<p><i><span style=\"font-weight: 200;\">A obra &#8220;<\/span><\/i><i><span style=\"font-weight: 600;\">Epis\u00f3dio 1: O Rio do Tempo<\/span><\/i><i><span style=\"font-weight: 200;\">&#8220;, nos leva a um fluxo onde o presente se dissolve nas \u00e1guas da mem\u00f3ria. A crian\u00e7a, surgindo das ondas, carrega tra\u00e7os ancestrais, enquanto a figura mais velha, em contempla\u00e7\u00e3o, sopra hist\u00f3rias esquecidas que dan\u00e7am no espa\u00e7o.<\/span><\/i><\/p>\n<p><i><span style=\"font-weight: 200;\">A paleta azulada cria uma atmosfera de melanc\u00f3lica calmaria, como um sonho que escapa entre os dedos. Os tra\u00e7os ondulados ao redor das figuras s\u00e3o an\u00e9is de um rio, que perpetuamente carregam lembran\u00e7as e afetos.<\/span><\/i><\/p>\n<p><i><span style=\"font-weight: 200;\">A linha do tempo na base avan\u00e7a lentamente, sugerindo que cada instante \u00e9 um afluente, que se funde ao vasto rio do existir. &#8220;O Rio do Tempo&#8221; nos convida a mergulhar nas \u00e1guas da mem\u00f3ria, onde as lembran\u00e7as fluem e se renovam.<\/span><\/i><\/p>\n","protected":false},"excerpt":{"rendered":"<p>S\u00e9rie: \u201cD\u00e1 o Play\u201d<br \/>\nT\u00edtulo: \u201c<strong>Epis\u00f3dio 1: O Rio do Tempo<\/strong>\u201d<br \/>\nAno: 2024<br \/>\nT\u00e9cnica: Pintura Acr\u00edlica sobre tela<br \/>\nDimens\u00f5es: 50 x 70 cm<\/p>\n","protected":false},"featured_media":3537,"template":"","meta":{"_uag_custom_page_level_css":"","site-sidebar-layout":"default","site-content-layout":"","ast-site-content-layout":"default","site-content-style":"default","site-sidebar-style":"default","ast-global-header-display":"","ast-banner-title-visibility":"","ast-main-header-display":"","ast-hfb-above-header-display":"","ast-hfb-below-header-display":"","ast-hfb-mobile-header-display":"","site-post-title":"","ast-breadcrumbs-content":"","ast-featured-img":"","footer-sml-layout":"","ast-disable-related-posts":"","theme-transparent-header-meta":"default","adv-header-id-meta":"","stick-header-meta":"","header-above-stick-meta":"","header-main-stick-meta":"","header-below-stick-meta":"","astra-migrate-meta-layouts":"set","ast-page-background-enabled":"default","ast-page-background-meta":{"desktop":{"background-color":"","background-image":"","background-repeat":"repeat","background-position":"center center","background-size":"auto","background-attachment":"scroll","background-type":"","background-media":"","overlay-type":"","overlay-color":"","overlay-opacity":"","overlay-gradient":""},"tablet":{"background-color":"","background-image":"","background-repeat":"repeat","background-position":"center center","background-size":"auto","background-attachment":"scroll","background-type":"","background-media":"","overlay-type":"","overlay-color":"","overlay-opacity":"","overlay-gradient":""},"mobile":{"background-color":"","background-image":"","background-repeat":"repeat","background-position":"center center","background-size":"auto","background-attachment":"scroll","background-type":"","background-media":"","overlay-type":"","overlay-color":"","overlay-opacity":"","overlay-gradient":""}},"ast-content-background-meta":{"desktop":{"background-color":"var(--ast-global-color-5)","background-image":"","background-repeat":"repeat","background-position":"center center","background-size":"auto","background-attachment":"scroll","background-type":"","background-media":"","overlay-type":"","overlay-color":"","overlay-opacity":"","overlay-gradient":""},"tablet":{"background-color":"var(--ast-global-color-5)","background-image":"","background-repeat":"repeat","background-position":"center center","background-size":"auto","background-attachment":"scroll","background-type":"","background-media":"","overlay-type":"","overlay-color":"","overlay-opacity":"","overlay-gradient":""},"mobile":{"background-color":"var(--ast-global-color-5)","background-image":"","background-repeat":"repeat","background-position":"center center","background-size":"auto","background-attachment":"scroll","background-type":"","background-media":"","overlay-type":"","overlay-color":"","overlay-opacity":"","overlay-gradient":""}}},"product_brand":[],"product_cat":[15],"product_tag":[107,55,86,121,85],"class_list":{"0":"post-3536","1":"product","2":"type-product","3":"status-publish","4":"has-post-thumbnail","6":"product_cat-galeria-catalogo","7":"product_tag-pinturaacrilica","8":"product_tag-arte","9":"product_tag-povos-originarios","10":"product_tag-quadro-azul","11":"product_tag-rio","12":"desktop-align-left","13":"tablet-align-left","14":"mobile-align-right","16":"first","17":"instock","18":"sold-individually","19":"purchasable","20":"product-type-simple"},"uagb_featured_image_src":{"full":["https:\/\/i0.wp.com\/marcor-uruburei.com\/wp-content\/uploads\/2025\/05\/bffbbd90-2b5b-11f0-a04a-730b08b5bc4d-scaled.jpg?fit=2048%2C2048&ssl=1",2048,2048,false],"thumbnail":["https:\/\/i0.wp.com\/marcor-uruburei.com\/wp-content\/uploads\/2025\/05\/bffbbd90-2b5b-11f0-a04a-730b08b5bc4d-scaled.jpg?resize=150%2C150&ssl=1",150,150,true],"medium":["https:\/\/i0.wp.com\/marcor-uruburei.com\/wp-content\/uploads\/2025\/05\/bffbbd90-2b5b-11f0-a04a-730b08b5bc4d-scaled.jpg?fit=300%2C300&ssl=1",300,300,true],"medium_large":["https:\/\/i0.wp.com\/marcor-uruburei.com\/wp-content\/uploads\/2025\/05\/bffbbd90-2b5b-11f0-a04a-730b08b5bc4d-scaled.jpg?fit=768%2C768&ssl=1",768,768,true],"large":["https:\/\/i0.wp.com\/marcor-uruburei.com\/wp-content\/uploads\/2025\/05\/bffbbd90-2b5b-11f0-a04a-730b08b5bc4d-scaled.jpg?fit=1024%2C1024&ssl=1",1024,1024,true],"1536x1536":["https:\/\/i0.wp.com\/marcor-uruburei.com\/wp-content\/uploads\/2025\/05\/bffbbd90-2b5b-11f0-a04a-730b08b5bc4d-scaled.jpg?fit=1536%2C1536&ssl=1",1536,1536,true],"2048x2048":["https:\/\/i0.wp.com\/marcor-uruburei.com\/wp-content\/uploads\/2025\/05\/bffbbd90-2b5b-11f0-a04a-730b08b5bc4d-scaled.jpg?fit=2048%2C2048&ssl=1",2048,2048,true],"woocommerce_thumbnail":["https:\/\/i0.wp.com\/marcor-uruburei.com\/wp-content\/uploads\/2025\/05\/bffbbd90-2b5b-11f0-a04a-730b08b5bc4d-scaled.jpg?fit=1024%2C1024&ssl=1",1024,1024,true],"woocommerce_single":["https:\/\/i0.wp.com\/marcor-uruburei.com\/wp-content\/uploads\/2025\/05\/bffbbd90-2b5b-11f0-a04a-730b08b5bc4d-scaled.jpg?fit=1024%2C1024&ssl=1",1024,1024,true],"woocommerce_gallery_thumbnail":["https:\/\/i0.wp.com\/marcor-uruburei.com\/wp-content\/uploads\/2025\/05\/bffbbd90-2b5b-11f0-a04a-730b08b5bc4d-scaled.jpg?resize=100%2C100&ssl=1",100,100,true]},"uagb_author_info":{"display_name":"marcor.uruburei@hotmail.com","author_link":"https:\/\/marcor-uruburei.com\/?author=0"},"uagb_comment_info":0,"uagb_excerpt":"S\u00e9rie: \u201cD\u00e1 o Play\u201d T\u00edtulo: \u201cEpis\u00f3dio 1: O Rio do Tempo\u201d Ano: 2024 T\u00e9cnica: Pintura Acr\u00edlica sobre tela Dimens\u00f5es: 50 x 70 cm","jetpack_sharing_enabled":true,"_links":{"self":[{"href":"https:\/\/marcor-uruburei.com\/index.php?rest_route=\/wp\/v2\/product\/3536","targetHints":{"allow":["GET"]}}],"collection":[{"href":"https:\/\/marcor-uruburei.com\/index.php?rest_route=\/wp\/v2\/product"}],"about":[{"href":"https:\/\/marcor-uruburei.com\/index.php?rest_route=\/wp\/v2\/types\/product"}],"version-history":[{"count":2,"href":"https:\/\/marcor-uruburei.com\/index.php?rest_route=\/wp\/v2\/product\/3536\/revisions"}],"predecessor-version":[{"id":3578,"href":"https:\/\/marcor-uruburei.com\/index.php?rest_route=\/wp\/v2\/product\/3536\/revisions\/3578"}],"wp:featuredmedia":[{"embeddable":true,"href":"https:\/\/marcor-uruburei.com\/index.php?rest_route=\/wp\/v2\/media\/3537"}],"wp:attachment":[{"href":"https:\/\/marcor-uruburei.com\/index.php?rest_route=%2Fwp%2Fv2%2Fmedia&parent=3536"}],"wp:term":[{"taxonomy":"product_brand","embeddable":true,"href":"https:\/\/marcor-uruburei.com\/index.php?rest_route=%2Fwp%2Fv2%2Fproduct_brand&post=3536"},{"taxonomy":"product_cat","embeddable":true,"href":"https:\/\/marcor-uruburei.com\/index.php?rest_route=%2Fwp%2Fv2%2Fproduct_cat&post=3536"},{"taxonomy":"product_tag","embeddable":true,"href":"https:\/\/marcor-uruburei.com\/index.php?rest_route=%2Fwp%2Fv2%2Fproduct_tag&post=3536"}],"curies":[{"name":"wp","href":"https:\/\/api.w.org\/{rel}","templated":true}]}}