{"id":3558,"date":"2025-05-16T14:05:34","date_gmt":"2025-05-16T17:05:34","guid":{"rendered":"https:\/\/marcor-uruburei.com\/?post_type=product&#038;p=3558"},"modified":"2025-06-05T18:20:56","modified_gmt":"2025-06-05T21:20:56","slug":"episodio-3-love-me-jeje-balada-afrobeat","status":"publish","type":"product","link":"https:\/\/marcor-uruburei.com\/?product=episodio-3-love-me-jeje-balada-afrobeat","title":{"rendered":"&#8220;Epis\u00f3dio 3: Love me Jeje! (Balada Afrobeat)\u201d"},"content":{"rendered":"<p><i><span style=\"font-weight: 200;\">A obra <\/span><\/i><i><span style=\"font-weight: 600;\">&#8220;Epis\u00f3dio 3: Love me Jeje! (Balada Afrobeat)<\/span><\/i><i><span style=\"font-weight: 200;\">\u201d, captura um instante vibrante de festa, onde gestos e express\u00f5es revelam sensa\u00e7\u00f5es intensas de alegria e sedu\u00e7\u00e3o. A escolha do frame e o uso das cores saturadas nos imergem na cultura do ritmo musical afrobeat, amplificando a dimens\u00e3o da narrativa visual, como seu som, vibrante e potente.\u00a0<\/span><\/i><\/p>\n<p><i><span style=\"font-weight: 200;\">A justaposi\u00e7\u00e3o de luzes artificiais e sombras cria uma atmosfera \u00fanica, evocando a est\u00e9tica das m\u00eddias digitais. A linha do tempo, no rodap\u00e9, sugere um fragmento em movimento &#8211; um momento congelado, que pulsa vida e ritmo.<\/span><\/i><\/p>\n","protected":false},"excerpt":{"rendered":"<p>S\u00e9rie: \u201cD\u00e1 o Play\u201d<br \/>\nT\u00edtulo: <strong>\u201cEpis\u00f3dio 3: Love me Jeje! (Balada Afrobeat)\u201d<\/strong><br \/>\nAno: 2025<br \/>\nT\u00e9cnica: Pintura Acr\u00edlica sobre tela<br \/>\nDimens\u00f5es: 50 x 70 cm<\/p>\n","protected":false},"featured_media":3565,"template":"","meta":{"_uag_custom_page_level_css":"","site-sidebar-layout":"default","site-content-layout":"","ast-site-content-layout":"default","site-content-style":"default","site-sidebar-style":"default","ast-global-header-display":"","ast-banner-title-visibility":"","ast-main-header-display":"","ast-hfb-above-header-display":"","ast-hfb-below-header-display":"","ast-hfb-mobile-header-display":"","site-post-title":"","ast-breadcrumbs-content":"","ast-featured-img":"","footer-sml-layout":"","ast-disable-related-posts":"","theme-transparent-header-meta":"default","adv-header-id-meta":"","stick-header-meta":"","header-above-stick-meta":"","header-main-stick-meta":"","header-below-stick-meta":"","astra-migrate-meta-layouts":"set","ast-page-background-enabled":"default","ast-page-background-meta":{"desktop":{"background-color":"","background-image":"","background-repeat":"repeat","background-position":"center center","background-size":"auto","background-attachment":"scroll","background-type":"","background-media":"","overlay-type":"","overlay-color":"","overlay-opacity":"","overlay-gradient":""},"tablet":{"background-color":"","background-image":"","background-repeat":"repeat","background-position":"center center","background-size":"auto","background-attachment":"scroll","background-type":"","background-media":"","overlay-type":"","overlay-color":"","overlay-opacity":"","overlay-gradient":""},"mobile":{"background-color":"","background-image":"","background-repeat":"repeat","background-position":"center center","background-size":"auto","background-attachment":"scroll","background-type":"","background-media":"","overlay-type":"","overlay-color":"","overlay-opacity":"","overlay-gradient":""}},"ast-content-background-meta":{"desktop":{"background-color":"var(--ast-global-color-5)","background-image":"","background-repeat":"repeat","background-position":"center center","background-size":"auto","background-attachment":"scroll","background-type":"","background-media":"","overlay-type":"","overlay-color":"","overlay-opacity":"","overlay-gradient":""},"tablet":{"background-color":"var(--ast-global-color-5)","background-image":"","background-repeat":"repeat","background-position":"center center","background-size":"auto","background-attachment":"scroll","background-type":"","background-media":"","overlay-type":"","overlay-color":"","overlay-opacity":"","overlay-gradient":""},"mobile":{"background-color":"var(--ast-global-color-5)","background-image":"","background-repeat":"repeat","background-position":"center center","background-size":"auto","background-attachment":"scroll","background-type":"","background-media":"","overlay-type":"","overlay-color":"","overlay-opacity":"","overlay-gradient":""}}},"product_brand":[],"product_cat":[15],"product_tag":[107,137,136,55,73,138],"class_list":{"0":"post-3558","1":"product","2":"type-product","3":"status-publish","4":"has-post-thumbnail","6":"product_cat-galeria-catalogo","7":"product_tag-pinturaacrilica","8":"product_tag-africadosul","9":"product_tag-afrobeat","10":"product_tag-arte","11":"product_tag-balada","12":"product_tag-pop","13":"desktop-align-left","14":"tablet-align-left","15":"mobile-align-right","17":"first","18":"instock","19":"sold-individually","20":"purchasable","21":"product-type-simple"},"uagb_featured_image_src":{"full":["https:\/\/i0.wp.com\/marcor-uruburei.com\/wp-content\/uploads\/2025\/05\/ac1f5c00-2b5b-11f0-a04a-730b08b5bc4d-scaled.jpg?fit=2048%2C2048&ssl=1",2048,2048,false],"thumbnail":["https:\/\/i0.wp.com\/marcor-uruburei.com\/wp-content\/uploads\/2025\/05\/ac1f5c00-2b5b-11f0-a04a-730b08b5bc4d-scaled.jpg?resize=150%2C150&ssl=1",150,150,true],"medium":["https:\/\/i0.wp.com\/marcor-uruburei.com\/wp-content\/uploads\/2025\/05\/ac1f5c00-2b5b-11f0-a04a-730b08b5bc4d-scaled.jpg?fit=300%2C300&ssl=1",300,300,true],"medium_large":["https:\/\/i0.wp.com\/marcor-uruburei.com\/wp-content\/uploads\/2025\/05\/ac1f5c00-2b5b-11f0-a04a-730b08b5bc4d-scaled.jpg?fit=768%2C768&ssl=1",768,768,true],"large":["https:\/\/i0.wp.com\/marcor-uruburei.com\/wp-content\/uploads\/2025\/05\/ac1f5c00-2b5b-11f0-a04a-730b08b5bc4d-scaled.jpg?fit=1024%2C1024&ssl=1",1024,1024,true],"1536x1536":["https:\/\/i0.wp.com\/marcor-uruburei.com\/wp-content\/uploads\/2025\/05\/ac1f5c00-2b5b-11f0-a04a-730b08b5bc4d-scaled.jpg?fit=1536%2C1536&ssl=1",1536,1536,true],"2048x2048":["https:\/\/i0.wp.com\/marcor-uruburei.com\/wp-content\/uploads\/2025\/05\/ac1f5c00-2b5b-11f0-a04a-730b08b5bc4d-scaled.jpg?fit=2048%2C2048&ssl=1",2048,2048,true],"woocommerce_thumbnail":["https:\/\/i0.wp.com\/marcor-uruburei.com\/wp-content\/uploads\/2025\/05\/ac1f5c00-2b5b-11f0-a04a-730b08b5bc4d-scaled.jpg?fit=1024%2C1024&ssl=1",1024,1024,true],"woocommerce_single":["https:\/\/i0.wp.com\/marcor-uruburei.com\/wp-content\/uploads\/2025\/05\/ac1f5c00-2b5b-11f0-a04a-730b08b5bc4d-scaled.jpg?fit=1024%2C1024&ssl=1",1024,1024,true],"woocommerce_gallery_thumbnail":["https:\/\/i0.wp.com\/marcor-uruburei.com\/wp-content\/uploads\/2025\/05\/ac1f5c00-2b5b-11f0-a04a-730b08b5bc4d-scaled.jpg?resize=100%2C100&ssl=1",100,100,true]},"uagb_author_info":{"display_name":"marcor.uruburei@hotmail.com","author_link":"https:\/\/marcor-uruburei.com\/?author=0"},"uagb_comment_info":0,"uagb_excerpt":"S\u00e9rie: \u201cD\u00e1 o Play\u201d T\u00edtulo: \u201cEpis\u00f3dio 3: Love me Jeje! (Balada Afrobeat)\u201d Ano: 2025 T\u00e9cnica: Pintura Acr\u00edlica sobre tela Dimens\u00f5es: 50 x 70 cm","jetpack_sharing_enabled":true,"_links":{"self":[{"href":"https:\/\/marcor-uruburei.com\/index.php?rest_route=\/wp\/v2\/product\/3558","targetHints":{"allow":["GET"]}}],"collection":[{"href":"https:\/\/marcor-uruburei.com\/index.php?rest_route=\/wp\/v2\/product"}],"about":[{"href":"https:\/\/marcor-uruburei.com\/index.php?rest_route=\/wp\/v2\/types\/product"}],"version-history":[{"count":3,"href":"https:\/\/marcor-uruburei.com\/index.php?rest_route=\/wp\/v2\/product\/3558\/revisions"}],"predecessor-version":[{"id":3602,"href":"https:\/\/marcor-uruburei.com\/index.php?rest_route=\/wp\/v2\/product\/3558\/revisions\/3602"}],"wp:featuredmedia":[{"embeddable":true,"href":"https:\/\/marcor-uruburei.com\/index.php?rest_route=\/wp\/v2\/media\/3565"}],"wp:attachment":[{"href":"https:\/\/marcor-uruburei.com\/index.php?rest_route=%2Fwp%2Fv2%2Fmedia&parent=3558"}],"wp:term":[{"taxonomy":"product_brand","embeddable":true,"href":"https:\/\/marcor-uruburei.com\/index.php?rest_route=%2Fwp%2Fv2%2Fproduct_brand&post=3558"},{"taxonomy":"product_cat","embeddable":true,"href":"https:\/\/marcor-uruburei.com\/index.php?rest_route=%2Fwp%2Fv2%2Fproduct_cat&post=3558"},{"taxonomy":"product_tag","embeddable":true,"href":"https:\/\/marcor-uruburei.com\/index.php?rest_route=%2Fwp%2Fv2%2Fproduct_tag&post=3558"}],"curies":[{"name":"wp","href":"https:\/\/api.w.org\/{rel}","templated":true}]}}