{"id":3608,"date":"2025-07-08T17:50:38","date_gmt":"2025-07-08T20:50:38","guid":{"rendered":"https:\/\/marcor-uruburei.com\/?post_type=product&#038;p=3608"},"modified":"2025-07-08T17:50:39","modified_gmt":"2025-07-08T20:50:39","slug":"bex-zeze-motta","status":"publish","type":"product","link":"https:\/\/marcor-uruburei.com\/?product=bex-zeze-motta","title":{"rendered":"\u201cBex\u201d \u2013 Zez\u00e9 Motta"},"content":{"rendered":"<p>Interpretada com suavidade e firmeza pela atriz Zez\u00e9 Motta, Bex \u00e9 uma mulher cadeirante, quase uma divindade, que encara a idade com leveza, sabedoria e um sorriso. Protagonizou com Andr\u00e9a Beltr\u00e3o o epis\u00f3dio \u201cFalas da Vida\u201d. Especial exibido pela TV Globo em ocasi\u00e3o do Dia Nacional do Idoso e do Dia Internacional da Terceira Idade, 1 de outubro de 2024.<\/p>\n","protected":false},"excerpt":{"rendered":"<p>Ano: 2024<br \/>\nS\u00e9rie Retratos, recortes e mem\u00f3rias\u2026<br \/>\nPintura acr\u00edlica sobre tela.<br \/>\n23 X 43 cm<\/p>\n","protected":false},"featured_media":3609,"template":"","meta":{"_uag_custom_page_level_css":"","site-sidebar-layout":"default","site-content-layout":"","ast-site-content-layout":"default","site-content-style":"default","site-sidebar-style":"default","ast-global-header-display":"","ast-banner-title-visibility":"","ast-main-header-display":"","ast-hfb-above-header-display":"","ast-hfb-below-header-display":"","ast-hfb-mobile-header-display":"","site-post-title":"","ast-breadcrumbs-content":"","ast-featured-img":"","footer-sml-layout":"","ast-disable-related-posts":"","theme-transparent-header-meta":"default","adv-header-id-meta":"","stick-header-meta":"","header-above-stick-meta":"","header-main-stick-meta":"","header-below-stick-meta":"","astra-migrate-meta-layouts":"set","ast-page-background-enabled":"default","ast-page-background-meta":{"desktop":{"background-color":"","background-image":"","background-repeat":"repeat","background-position":"center center","background-size":"auto","background-attachment":"scroll","background-type":"","background-media":"","overlay-type":"","overlay-color":"","overlay-opacity":"","overlay-gradient":""},"tablet":{"background-color":"","background-image":"","background-repeat":"repeat","background-position":"center center","background-size":"auto","background-attachment":"scroll","background-type":"","background-media":"","overlay-type":"","overlay-color":"","overlay-opacity":"","overlay-gradient":""},"mobile":{"background-color":"","background-image":"","background-repeat":"repeat","background-position":"center center","background-size":"auto","background-attachment":"scroll","background-type":"","background-media":"","overlay-type":"","overlay-color":"","overlay-opacity":"","overlay-gradient":""}},"ast-content-background-meta":{"desktop":{"background-color":"var(--ast-global-color-5)","background-image":"","background-repeat":"repeat","background-position":"center center","background-size":"auto","background-attachment":"scroll","background-type":"","background-media":"","overlay-type":"","overlay-color":"","overlay-opacity":"","overlay-gradient":""},"tablet":{"background-color":"var(--ast-global-color-5)","background-image":"","background-repeat":"repeat","background-position":"center center","background-size":"auto","background-attachment":"scroll","background-type":"","background-media":"","overlay-type":"","overlay-color":"","overlay-opacity":"","overlay-gradient":""},"mobile":{"background-color":"var(--ast-global-color-5)","background-image":"","background-repeat":"repeat","background-position":"center center","background-size":"auto","background-attachment":"scroll","background-type":"","background-media":"","overlay-type":"","overlay-color":"","overlay-opacity":"","overlay-gradient":""}}},"product_brand":[],"product_cat":[15],"product_tag":[107,59,56,140],"class_list":{"0":"post-3608","1":"product","2":"type-product","3":"status-publish","4":"has-post-thumbnail","6":"product_cat-galeria-catalogo","7":"product_tag-pinturaacrilica","8":"product_tag-atriz","9":"product_tag-teatro","10":"product_tag-zezemotta","11":"desktop-align-left","12":"tablet-align-left","13":"mobile-align-right","15":"first","16":"instock","17":"sold-individually","18":"shipping-taxable","19":"purchasable","20":"product-type-simple"},"uagb_featured_image_src":{"full":["https:\/\/i0.wp.com\/marcor-uruburei.com\/wp-content\/uploads\/2025\/07\/06eccf40-5e67-11ef-823b-cda8292d26ea-scaled.jpg?fit=2048%2C2048&ssl=1",2048,2048,false],"thumbnail":["https:\/\/i0.wp.com\/marcor-uruburei.com\/wp-content\/uploads\/2025\/07\/06eccf40-5e67-11ef-823b-cda8292d26ea-scaled.jpg?resize=150%2C150&ssl=1",150,150,true],"medium":["https:\/\/i0.wp.com\/marcor-uruburei.com\/wp-content\/uploads\/2025\/07\/06eccf40-5e67-11ef-823b-cda8292d26ea-scaled.jpg?fit=300%2C300&ssl=1",300,300,true],"medium_large":["https:\/\/i0.wp.com\/marcor-uruburei.com\/wp-content\/uploads\/2025\/07\/06eccf40-5e67-11ef-823b-cda8292d26ea-scaled.jpg?fit=768%2C768&ssl=1",768,768,true],"large":["https:\/\/i0.wp.com\/marcor-uruburei.com\/wp-content\/uploads\/2025\/07\/06eccf40-5e67-11ef-823b-cda8292d26ea-scaled.jpg?fit=1024%2C1024&ssl=1",1024,1024,true],"1536x1536":["https:\/\/i0.wp.com\/marcor-uruburei.com\/wp-content\/uploads\/2025\/07\/06eccf40-5e67-11ef-823b-cda8292d26ea-scaled.jpg?fit=1536%2C1536&ssl=1",1536,1536,true],"2048x2048":["https:\/\/i0.wp.com\/marcor-uruburei.com\/wp-content\/uploads\/2025\/07\/06eccf40-5e67-11ef-823b-cda8292d26ea-scaled.jpg?fit=2048%2C2048&ssl=1",2048,2048,true],"woocommerce_thumbnail":["https:\/\/i0.wp.com\/marcor-uruburei.com\/wp-content\/uploads\/2025\/07\/06eccf40-5e67-11ef-823b-cda8292d26ea-scaled.jpg?fit=1024%2C1024&ssl=1",1024,1024,true],"woocommerce_single":["https:\/\/i0.wp.com\/marcor-uruburei.com\/wp-content\/uploads\/2025\/07\/06eccf40-5e67-11ef-823b-cda8292d26ea-scaled.jpg?fit=1024%2C1024&ssl=1",1024,1024,true],"woocommerce_gallery_thumbnail":["https:\/\/i0.wp.com\/marcor-uruburei.com\/wp-content\/uploads\/2025\/07\/06eccf40-5e67-11ef-823b-cda8292d26ea-scaled.jpg?resize=100%2C100&ssl=1",100,100,true]},"uagb_author_info":{"display_name":"marcor.uruburei@hotmail.com","author_link":"https:\/\/marcor-uruburei.com\/?author=0"},"uagb_comment_info":0,"uagb_excerpt":"Ano: 2024 S\u00e9rie Retratos, recortes e mem\u00f3rias\u2026 Pintura acr\u00edlica sobre tela. 23 X 43 cm","jetpack_sharing_enabled":true,"_links":{"self":[{"href":"https:\/\/marcor-uruburei.com\/index.php?rest_route=\/wp\/v2\/product\/3608","targetHints":{"allow":["GET"]}}],"collection":[{"href":"https:\/\/marcor-uruburei.com\/index.php?rest_route=\/wp\/v2\/product"}],"about":[{"href":"https:\/\/marcor-uruburei.com\/index.php?rest_route=\/wp\/v2\/types\/product"}],"version-history":[{"count":1,"href":"https:\/\/marcor-uruburei.com\/index.php?rest_route=\/wp\/v2\/product\/3608\/revisions"}],"predecessor-version":[{"id":3614,"href":"https:\/\/marcor-uruburei.com\/index.php?rest_route=\/wp\/v2\/product\/3608\/revisions\/3614"}],"wp:featuredmedia":[{"embeddable":true,"href":"https:\/\/marcor-uruburei.com\/index.php?rest_route=\/wp\/v2\/media\/3609"}],"wp:attachment":[{"href":"https:\/\/marcor-uruburei.com\/index.php?rest_route=%2Fwp%2Fv2%2Fmedia&parent=3608"}],"wp:term":[{"taxonomy":"product_brand","embeddable":true,"href":"https:\/\/marcor-uruburei.com\/index.php?rest_route=%2Fwp%2Fv2%2Fproduct_brand&post=3608"},{"taxonomy":"product_cat","embeddable":true,"href":"https:\/\/marcor-uruburei.com\/index.php?rest_route=%2Fwp%2Fv2%2Fproduct_cat&post=3608"},{"taxonomy":"product_tag","embeddable":true,"href":"https:\/\/marcor-uruburei.com\/index.php?rest_route=%2Fwp%2Fv2%2Fproduct_tag&post=3608"}],"curies":[{"name":"wp","href":"https:\/\/api.w.org\/{rel}","templated":true}]}}