{"id":3627,"date":"2025-09-01T20:44:46","date_gmt":"2025-09-01T23:44:46","guid":{"rendered":"https:\/\/marcor-uruburei.com\/?post_type=product&#038;p=3627"},"modified":"2025-09-01T20:44:46","modified_gmt":"2025-09-01T23:44:46","slug":"episodio-5-o-quinto-passageiro","status":"publish","type":"product","link":"https:\/\/marcor-uruburei.com\/?product=episodio-5-o-quinto-passageiro","title":{"rendered":"&#8220;Epis\u00f3dio 5: O Quinto Passageiro&#8221;"},"content":{"rendered":"<p><i><span style=\"font-weight: 200;\">Na obra &#8220;<\/span><\/i><strong>Epis\u00f3dio 5: O Quinto Passageiro<\/strong>&#8221; a\u00a0aus\u00eancia de pistas claras transforma o observador no roteirista da cena. O momento \u00e9 uma interroga\u00e7\u00e3o congelada: quem \u00e9 o \u201cquinto passageiro&#8221;? Est\u00e1 dentro ou fora do \u00f4nibus? Dentro, ou fora da obra? \u00c9 presen\u00e7a ou uma lembran\u00e7a perdida? Pode estar na cal\u00e7ada, no passado, ou no instante que se aproxima\u2026<br \/>\nNo sil\u00eancio azul da viagem noturna, cada olhar carrega uma hist\u00f3ria n\u00e3o contada. Aqui, o tempo para, mas a hist\u00f3ria continua na mente de quem d\u00e1 o play.<\/p>\n","protected":false},"excerpt":{"rendered":"<p>S\u00e9rie: \u201cD\u00e1 o Play\u201d<br \/>\nT\u00edtulo: <i><span style=\"font-weight: 200;\"> &#8220;<\/span><\/i><strong>Epis\u00f3dio 5: O Quinto Passageiro<\/strong>&#8221;<br \/>\nAno: 2025<br \/>\nT\u00e9cnica: Pintura Acr\u00edlica sobre tela<br \/>\nDimens\u00f5es: 50 x 70 cm<\/p>\n","protected":false},"featured_media":3628,"template":"","meta":{"_uag_custom_page_level_css":"","site-sidebar-layout":"default","site-content-layout":"","ast-site-content-layout":"default","site-content-style":"default","site-sidebar-style":"default","ast-global-header-display":"","ast-banner-title-visibility":"","ast-main-header-display":"","ast-hfb-above-header-display":"","ast-hfb-below-header-display":"","ast-hfb-mobile-header-display":"","site-post-title":"","ast-breadcrumbs-content":"","ast-featured-img":"","footer-sml-layout":"","ast-disable-related-posts":"","theme-transparent-header-meta":"default","adv-header-id-meta":"","stick-header-meta":"","header-above-stick-meta":"","header-main-stick-meta":"","header-below-stick-meta":"","astra-migrate-meta-layouts":"set","ast-page-background-enabled":"default","ast-page-background-meta":{"desktop":{"background-color":"","background-image":"","background-repeat":"repeat","background-position":"center center","background-size":"auto","background-attachment":"scroll","background-type":"","background-media":"","overlay-type":"","overlay-color":"","overlay-opacity":"","overlay-gradient":""},"tablet":{"background-color":"","background-image":"","background-repeat":"repeat","background-position":"center center","background-size":"auto","background-attachment":"scroll","background-type":"","background-media":"","overlay-type":"","overlay-color":"","overlay-opacity":"","overlay-gradient":""},"mobile":{"background-color":"","background-image":"","background-repeat":"repeat","background-position":"center center","background-size":"auto","background-attachment":"scroll","background-type":"","background-media":"","overlay-type":"","overlay-color":"","overlay-opacity":"","overlay-gradient":""}},"ast-content-background-meta":{"desktop":{"background-color":"var(--ast-global-color-5)","background-image":"","background-repeat":"repeat","background-position":"center center","background-size":"auto","background-attachment":"scroll","background-type":"","background-media":"","overlay-type":"","overlay-color":"","overlay-opacity":"","overlay-gradient":""},"tablet":{"background-color":"var(--ast-global-color-5)","background-image":"","background-repeat":"repeat","background-position":"center center","background-size":"auto","background-attachment":"scroll","background-type":"","background-media":"","overlay-type":"","overlay-color":"","overlay-opacity":"","overlay-gradient":""},"mobile":{"background-color":"var(--ast-global-color-5)","background-image":"","background-repeat":"repeat","background-position":"center center","background-size":"auto","background-attachment":"scroll","background-type":"","background-media":"","overlay-type":"","overlay-color":"","overlay-opacity":"","overlay-gradient":""}}},"product_brand":[],"product_cat":[15],"product_tag":[107,83],"class_list":{"0":"post-3627","1":"product","2":"type-product","3":"status-publish","4":"has-post-thumbnail","6":"product_cat-galeria-catalogo","7":"product_tag-pinturaacrilica","8":"product_tag-azul","9":"desktop-align-left","10":"tablet-align-left","11":"mobile-align-right","13":"first","14":"instock","15":"sold-individually","16":"purchasable","17":"product-type-simple"},"uagb_featured_image_src":{"full":["https:\/\/i0.wp.com\/marcor-uruburei.com\/wp-content\/uploads\/2025\/09\/1a9ba550-878a-11f0-a51b-7f6d1be805b0-scaled.jpg?fit=2048%2C2048&ssl=1",2048,2048,false],"thumbnail":["https:\/\/i0.wp.com\/marcor-uruburei.com\/wp-content\/uploads\/2025\/09\/1a9ba550-878a-11f0-a51b-7f6d1be805b0-scaled.jpg?resize=150%2C150&ssl=1",150,150,true],"medium":["https:\/\/i0.wp.com\/marcor-uruburei.com\/wp-content\/uploads\/2025\/09\/1a9ba550-878a-11f0-a51b-7f6d1be805b0-scaled.jpg?fit=300%2C300&ssl=1",300,300,true],"medium_large":["https:\/\/i0.wp.com\/marcor-uruburei.com\/wp-content\/uploads\/2025\/09\/1a9ba550-878a-11f0-a51b-7f6d1be805b0-scaled.jpg?fit=768%2C768&ssl=1",768,768,true],"large":["https:\/\/i0.wp.com\/marcor-uruburei.com\/wp-content\/uploads\/2025\/09\/1a9ba550-878a-11f0-a51b-7f6d1be805b0-scaled.jpg?fit=1024%2C1024&ssl=1",1024,1024,true],"1536x1536":["https:\/\/i0.wp.com\/marcor-uruburei.com\/wp-content\/uploads\/2025\/09\/1a9ba550-878a-11f0-a51b-7f6d1be805b0-scaled.jpg?fit=1536%2C1536&ssl=1",1536,1536,true],"2048x2048":["https:\/\/i0.wp.com\/marcor-uruburei.com\/wp-content\/uploads\/2025\/09\/1a9ba550-878a-11f0-a51b-7f6d1be805b0-scaled.jpg?fit=2048%2C2048&ssl=1",2048,2048,true],"woocommerce_thumbnail":["https:\/\/i0.wp.com\/marcor-uruburei.com\/wp-content\/uploads\/2025\/09\/1a9ba550-878a-11f0-a51b-7f6d1be805b0-scaled.jpg?fit=1024%2C1024&ssl=1",1024,1024,true],"woocommerce_single":["https:\/\/i0.wp.com\/marcor-uruburei.com\/wp-content\/uploads\/2025\/09\/1a9ba550-878a-11f0-a51b-7f6d1be805b0-scaled.jpg?fit=1024%2C1024&ssl=1",1024,1024,true],"woocommerce_gallery_thumbnail":["https:\/\/i0.wp.com\/marcor-uruburei.com\/wp-content\/uploads\/2025\/09\/1a9ba550-878a-11f0-a51b-7f6d1be805b0-scaled.jpg?resize=100%2C100&ssl=1",100,100,true]},"uagb_author_info":{"display_name":"marcor.uruburei@hotmail.com","author_link":"https:\/\/marcor-uruburei.com\/?author=0"},"uagb_comment_info":0,"uagb_excerpt":"S\u00e9rie: \u201cD\u00e1 o Play\u201d T\u00edtulo: \"Epis\u00f3dio 5: O Quinto Passageiro\" Ano: 2025 T\u00e9cnica: Pintura Acr\u00edlica sobre tela Dimens\u00f5es: 50 x 70 cm","jetpack_sharing_enabled":true,"_links":{"self":[{"href":"https:\/\/marcor-uruburei.com\/index.php?rest_route=\/wp\/v2\/product\/3627","targetHints":{"allow":["GET"]}}],"collection":[{"href":"https:\/\/marcor-uruburei.com\/index.php?rest_route=\/wp\/v2\/product"}],"about":[{"href":"https:\/\/marcor-uruburei.com\/index.php?rest_route=\/wp\/v2\/types\/product"}],"version-history":[{"count":1,"href":"https:\/\/marcor-uruburei.com\/index.php?rest_route=\/wp\/v2\/product\/3627\/revisions"}],"predecessor-version":[{"id":3635,"href":"https:\/\/marcor-uruburei.com\/index.php?rest_route=\/wp\/v2\/product\/3627\/revisions\/3635"}],"wp:featuredmedia":[{"embeddable":true,"href":"https:\/\/marcor-uruburei.com\/index.php?rest_route=\/wp\/v2\/media\/3628"}],"wp:attachment":[{"href":"https:\/\/marcor-uruburei.com\/index.php?rest_route=%2Fwp%2Fv2%2Fmedia&parent=3627"}],"wp:term":[{"taxonomy":"product_brand","embeddable":true,"href":"https:\/\/marcor-uruburei.com\/index.php?rest_route=%2Fwp%2Fv2%2Fproduct_brand&post=3627"},{"taxonomy":"product_cat","embeddable":true,"href":"https:\/\/marcor-uruburei.com\/index.php?rest_route=%2Fwp%2Fv2%2Fproduct_cat&post=3627"},{"taxonomy":"product_tag","embeddable":true,"href":"https:\/\/marcor-uruburei.com\/index.php?rest_route=%2Fwp%2Fv2%2Fproduct_tag&post=3627"}],"curies":[{"name":"wp","href":"https:\/\/api.w.org\/{rel}","templated":true}]}}