{"id":3650,"date":"2025-11-06T12:53:59","date_gmt":"2025-11-06T15:53:59","guid":{"rendered":"https:\/\/marcor-uruburei.com\/?post_type=product&#038;p=3650"},"modified":"2025-11-06T12:56:05","modified_gmt":"2025-11-06T15:56:05","slug":"episodio-6-sem-mulheres-nao-ha-clima","status":"publish","type":"product","link":"https:\/\/marcor-uruburei.com\/?product=episodio-6-sem-mulheres-nao-ha-clima","title":{"rendered":"&#8220;Epis\u00f3dio 6: \u201cSem mulheres n\u00e3o h\u00e1 clima&#8221;"},"content":{"rendered":"<p><span style=\"font-weight: 400;\">Sinopse<\/span><\/p>\n<p><span style=\"font-weight: 400;\">Neste trabalho, a s\u00e9rie \u201cD\u00e1 o Play!\u201d transforma acontecimentos reais em narrativas visuais, conectando arte, mem\u00f3ria e resist\u00eancia. Aqui elas marcham com os rostos pintados de terra e urg\u00eancia. S\u00e3o as vozes que o vento n\u00e3o cala. Vozes das mulheres ind\u00edgenas guardi\u00e3s da terra, da \u00e1gua e dos saberes ancestrais. Sob o sol de Bras\u00edlia erguem o corpo e a palavra lembrando ao pa\u00eds que clima n\u00e3o \u00e9 pauta distante: \u00e9 ventre, \u00e9 corpo, casa e vida! O t\u00edtulo reafirma a centralidade dessas vozes na luta ambiental e social contempor\u00e2nea: \u201cSem mulheres, n\u00e3o h\u00e1 floresta. Sem floresta, n\u00e3o h\u00e1 futuro\u201d<\/span><\/p>\n<p><span style=\"font-weight: 400;\">Na base, at\u00e9 mesmo a linha do tempo se distorce diante da gravidade dos fatos. D\u00e1 o play e ou\u00e7a o pulsar da terra no compasso de quem nunca deixou de lutar em defesa da vida, da terra e do nosso futuro.<\/span><\/p>\n","protected":false},"excerpt":{"rendered":"<p>S\u00e9rie: \u201cD\u00e1 o Play\u201d<br \/>\nT\u00edtulo: <strong>&#8220;Epis\u00f3dio 6: \u201cSem mulheres n\u00e3o h\u00e1 clima&#8221;<\/strong><br \/>\nAno: 2025<br \/>\nT\u00e9cnica: Pintura Acr\u00edlica sobre tela<br \/>\nDimens\u00f5es: 50 x 70 cm<\/p>\n","protected":false},"featured_media":3651,"template":"","meta":{"_uag_custom_page_level_css":"","site-sidebar-layout":"default","site-content-layout":"","ast-site-content-layout":"default","site-content-style":"default","site-sidebar-style":"default","ast-global-header-display":"","ast-banner-title-visibility":"","ast-main-header-display":"","ast-hfb-above-header-display":"","ast-hfb-below-header-display":"","ast-hfb-mobile-header-display":"","site-post-title":"","ast-breadcrumbs-content":"","ast-featured-img":"","footer-sml-layout":"","ast-disable-related-posts":"","theme-transparent-header-meta":"default","adv-header-id-meta":"","stick-header-meta":"","header-above-stick-meta":"","header-main-stick-meta":"","header-below-stick-meta":"","astra-migrate-meta-layouts":"set","ast-page-background-enabled":"default","ast-page-background-meta":{"desktop":{"background-color":"","background-image":"","background-repeat":"repeat","background-position":"center center","background-size":"auto","background-attachment":"scroll","background-type":"","background-media":"","overlay-type":"","overlay-color":"","overlay-opacity":"","overlay-gradient":""},"tablet":{"background-color":"","background-image":"","background-repeat":"repeat","background-position":"center center","background-size":"auto","background-attachment":"scroll","background-type":"","background-media":"","overlay-type":"","overlay-color":"","overlay-opacity":"","overlay-gradient":""},"mobile":{"background-color":"","background-image":"","background-repeat":"repeat","background-position":"center center","background-size":"auto","background-attachment":"scroll","background-type":"","background-media":"","overlay-type":"","overlay-color":"","overlay-opacity":"","overlay-gradient":""}},"ast-content-background-meta":{"desktop":{"background-color":"var(--ast-global-color-5)","background-image":"","background-repeat":"repeat","background-position":"center center","background-size":"auto","background-attachment":"scroll","background-type":"","background-media":"","overlay-type":"","overlay-color":"","overlay-opacity":"","overlay-gradient":""},"tablet":{"background-color":"var(--ast-global-color-5)","background-image":"","background-repeat":"repeat","background-position":"center center","background-size":"auto","background-attachment":"scroll","background-type":"","background-media":"","overlay-type":"","overlay-color":"","overlay-opacity":"","overlay-gradient":""},"mobile":{"background-color":"var(--ast-global-color-5)","background-image":"","background-repeat":"repeat","background-position":"center center","background-size":"auto","background-attachment":"scroll","background-type":"","background-media":"","overlay-type":"","overlay-color":"","overlay-opacity":"","overlay-gradient":""}}},"product_brand":[],"product_cat":[15],"product_tag":[107,141,78,86],"class_list":{"0":"post-3650","1":"product","2":"type-product","3":"status-publish","4":"has-post-thumbnail","6":"product_cat-galeria-catalogo","7":"product_tag-pinturaacrilica","8":"product_tag-brasilia","9":"product_tag-indigenas","10":"product_tag-povos-originarios","11":"desktop-align-left","12":"tablet-align-left","13":"mobile-align-right","15":"first","16":"instock","17":"sold-individually","18":"purchasable","19":"product-type-simple"},"uagb_featured_image_src":{"full":["https:\/\/i0.wp.com\/marcor-uruburei.com\/wp-content\/uploads\/2025\/11\/e5c34b10-b27e-11f0-b1ac-231998628d14-scaled.jpg?fit=2048%2C2048&ssl=1",2048,2048,false],"thumbnail":["https:\/\/i0.wp.com\/marcor-uruburei.com\/wp-content\/uploads\/2025\/11\/e5c34b10-b27e-11f0-b1ac-231998628d14-scaled.jpg?resize=150%2C150&ssl=1",150,150,true],"medium":["https:\/\/i0.wp.com\/marcor-uruburei.com\/wp-content\/uploads\/2025\/11\/e5c34b10-b27e-11f0-b1ac-231998628d14-scaled.jpg?fit=300%2C300&ssl=1",300,300,true],"medium_large":["https:\/\/i0.wp.com\/marcor-uruburei.com\/wp-content\/uploads\/2025\/11\/e5c34b10-b27e-11f0-b1ac-231998628d14-scaled.jpg?fit=768%2C768&ssl=1",768,768,true],"large":["https:\/\/i0.wp.com\/marcor-uruburei.com\/wp-content\/uploads\/2025\/11\/e5c34b10-b27e-11f0-b1ac-231998628d14-scaled.jpg?fit=1024%2C1024&ssl=1",1024,1024,true],"1536x1536":["https:\/\/i0.wp.com\/marcor-uruburei.com\/wp-content\/uploads\/2025\/11\/e5c34b10-b27e-11f0-b1ac-231998628d14-scaled.jpg?fit=1536%2C1536&ssl=1",1536,1536,true],"2048x2048":["https:\/\/i0.wp.com\/marcor-uruburei.com\/wp-content\/uploads\/2025\/11\/e5c34b10-b27e-11f0-b1ac-231998628d14-scaled.jpg?fit=2048%2C2048&ssl=1",2048,2048,true],"woocommerce_thumbnail":["https:\/\/i0.wp.com\/marcor-uruburei.com\/wp-content\/uploads\/2025\/11\/e5c34b10-b27e-11f0-b1ac-231998628d14-scaled.jpg?fit=1024%2C1024&ssl=1",1024,1024,true],"woocommerce_single":["https:\/\/i0.wp.com\/marcor-uruburei.com\/wp-content\/uploads\/2025\/11\/e5c34b10-b27e-11f0-b1ac-231998628d14-scaled.jpg?fit=1024%2C1024&ssl=1",1024,1024,true],"woocommerce_gallery_thumbnail":["https:\/\/i0.wp.com\/marcor-uruburei.com\/wp-content\/uploads\/2025\/11\/e5c34b10-b27e-11f0-b1ac-231998628d14-scaled.jpg?resize=100%2C100&ssl=1",100,100,true]},"uagb_author_info":{"display_name":"marcor.uruburei@hotmail.com","author_link":"https:\/\/marcor-uruburei.com\/?author=0"},"uagb_comment_info":0,"uagb_excerpt":"S\u00e9rie: \u201cD\u00e1 o Play\u201d T\u00edtulo: \"Epis\u00f3dio 6: \u201cSem mulheres n\u00e3o h\u00e1 clima\" Ano: 2025 T\u00e9cnica: Pintura Acr\u00edlica sobre tela Dimens\u00f5es: 50 x 70 cm","jetpack_sharing_enabled":true,"_links":{"self":[{"href":"https:\/\/marcor-uruburei.com\/index.php?rest_route=\/wp\/v2\/product\/3650","targetHints":{"allow":["GET"]}}],"collection":[{"href":"https:\/\/marcor-uruburei.com\/index.php?rest_route=\/wp\/v2\/product"}],"about":[{"href":"https:\/\/marcor-uruburei.com\/index.php?rest_route=\/wp\/v2\/types\/product"}],"version-history":[{"count":3,"href":"https:\/\/marcor-uruburei.com\/index.php?rest_route=\/wp\/v2\/product\/3650\/revisions"}],"predecessor-version":[{"id":3664,"href":"https:\/\/marcor-uruburei.com\/index.php?rest_route=\/wp\/v2\/product\/3650\/revisions\/3664"}],"wp:featuredmedia":[{"embeddable":true,"href":"https:\/\/marcor-uruburei.com\/index.php?rest_route=\/wp\/v2\/media\/3651"}],"wp:attachment":[{"href":"https:\/\/marcor-uruburei.com\/index.php?rest_route=%2Fwp%2Fv2%2Fmedia&parent=3650"}],"wp:term":[{"taxonomy":"product_brand","embeddable":true,"href":"https:\/\/marcor-uruburei.com\/index.php?rest_route=%2Fwp%2Fv2%2Fproduct_brand&post=3650"},{"taxonomy":"product_cat","embeddable":true,"href":"https:\/\/marcor-uruburei.com\/index.php?rest_route=%2Fwp%2Fv2%2Fproduct_cat&post=3650"},{"taxonomy":"product_tag","embeddable":true,"href":"https:\/\/marcor-uruburei.com\/index.php?rest_route=%2Fwp%2Fv2%2Fproduct_tag&post=3650"}],"curies":[{"name":"wp","href":"https:\/\/api.w.org\/{rel}","templated":true}]}}